{"id":1498,"date":"2023-10-09T12:15:47","date_gmt":"2023-10-09T10:15:47","guid":{"rendered":"https:\/\/costumecoutureberlin.com\/?page_id=1498"},"modified":"2024-05-19T17:09:38","modified_gmt":"2024-05-19T15:09:38","slug":"glanz-und-glamour","status":"publish","type":"page","link":"https:\/\/costumecoutureberlin.com\/de\/kollektionen\/anniversary\/glanz-und-glamour\/","title":{"rendered":"Glanz und Glamour"},"content":{"rendered":"<div  class='flex_column av-ubas-13914cb6ff2d17106efccba944f07b32 av_one_full  avia-builder-el-0  el_before_av_one_full  avia-builder-el-first  first flex_column_div  '     ><section  class='av_textblock_section av-lnoj5q5v-819bbf0780e83c09a46698f92789ba9d '   itemscope=\"itemscope\" itemtype=\"https:\/\/schema.org\/CreativeWork\" ><div class='avia_textblock'  itemprop=\"text\" ><h1>Glanz und Glamour<\/h1>\n<\/div><\/section><\/div><div  class='flex_column av-10vkc-eb9ba5a74a4193049fe7ef66862b70cb av_one_full  avia-builder-el-2  el_after_av_one_full  avia-builder-el-last  first flex_column_div  column-top-margin'     ><style type=\"text\/css\" data-created_by=\"avia_inline_auto\" id=\"style-css-av-lnokb4vs-346de507b880be39cb2c6886c0d59126\">\n#top .avia-gallery.av-lnokb4vs-346de507b880be39cb2c6886c0d59126 .avia-gallery-thumb a{\nwidth:33.3333%;\n}\n<\/style>\n<div  class='avia-gallery av-lnokb4vs-346de507b880be39cb2c6886c0d59126 avia_animate_when_visible  avia-builder-el-3  avia-builder-el-no-sibling  deactivate_avia_lazyload avia-gallery-animate avia-gallery-1'  itemprop=\"image\" itemscope=\"itemscope\" itemtype=\"https:\/\/schema.org\/ImageObject\" ><meta itemprop=\"contentURL\" content=\"https:\/\/costumecoutureberlin.com\/de\/kollektionen\/anniversary\/glanz-und-glamour\/\"><div class='avia-gallery-thumb'><a href=\"https:\/\/costumecoutureberlin.com\/wp-content\/uploads\/2023\/12\/glitz-and-glamour-Cowl-neck-Top-Mauve-metallic-02.jpg\" data-srcset=\"https:\/\/costumecoutureberlin.com\/wp-content\/uploads\/2023\/12\/glitz-and-glamour-Cowl-neck-Top-Mauve-metallic-02.jpg 567w, https:\/\/costumecoutureberlin.com\/wp-content\/uploads\/2023\/12\/glitz-and-glamour-Cowl-neck-Top-Mauve-metallic-02-300x221.jpg 300w, https:\/\/costumecoutureberlin.com\/wp-content\/uploads\/2023\/12\/glitz-and-glamour-Cowl-neck-Top-Mauve-metallic-02-450x331.jpg 450w\" data-sizes=\"(max-width: 567px) 100vw, 567px\" data-rel='gallery-1' data-prev-img='https:\/\/costumecoutureberlin.com\/wp-content\/uploads\/2023\/12\/glitz-and-glamour-Cowl-neck-Top-Mauve-metallic-02-495x400.jpg' class='first_thumb lightbox ' data-onclick='1' title='&#8222;Cowlneck Top&#8220;, mauve\/metallic'  itemprop=\"thumbnailUrl\"  ><img decoding=\"async\" class=\"wp-image-1413 avia-img-lazy-loading-not-1413\"  data-avia-tooltip='&#8222;Cowlneck Top&#8220;, mauve\/metallic' src=\"https:\/\/costumecoutureberlin.com\/wp-content\/uploads\/2023\/12\/glitz-and-glamour-Cowl-neck-Top-Mauve-metallic-02.jpg\" width=\"567\" height=\"417\"  title='' alt='Glanz und Glamour: Cowlneck Top von Costume Couture Berlin' srcset=\"https:\/\/costumecoutureberlin.com\/wp-content\/uploads\/2023\/12\/glitz-and-glamour-Cowl-neck-Top-Mauve-metallic-02.jpg 567w, https:\/\/costumecoutureberlin.com\/wp-content\/uploads\/2023\/12\/glitz-and-glamour-Cowl-neck-Top-Mauve-metallic-02-300x221.jpg 300w, https:\/\/costumecoutureberlin.com\/wp-content\/uploads\/2023\/12\/glitz-and-glamour-Cowl-neck-Top-Mauve-metallic-02-450x331.jpg 450w\" sizes=\"(max-width: 567px) 100vw, 567px\" \/><div class='big-prev-fake'><img loading=\"lazy\" decoding=\"async\" class=\"wp-image-1413 avia-img-lazy-loading-1413\"  width=\"495\" height=\"400\" src=\"https:\/\/costumecoutureberlin.com\/wp-content\/uploads\/2023\/12\/glitz-and-glamour-Cowl-neck-Top-Mauve-metallic-02-495x400.jpg\" title='' alt='Glanz und Glamour: Cowlneck Top von Costume Couture Berlin' \/><\/div><\/a><a href=\"https:\/\/costumecoutureberlin.com\/wp-content\/uploads\/2023\/12\/glitz-and-glamour-Embroidered-Velvet-Pant-with-Kimono-Top-1.jpg\" data-srcset=\"https:\/\/costumecoutureberlin.com\/wp-content\/uploads\/2023\/12\/glitz-and-glamour-Embroidered-Velvet-Pant-with-Kimono-Top-1.jpg 567w, https:\/\/costumecoutureberlin.com\/wp-content\/uploads\/2023\/12\/glitz-and-glamour-Embroidered-Velvet-Pant-with-Kimono-Top-1-300x221.jpg 300w, https:\/\/costumecoutureberlin.com\/wp-content\/uploads\/2023\/12\/glitz-and-glamour-Embroidered-Velvet-Pant-with-Kimono-Top-1-450x331.jpg 450w\" data-sizes=\"(max-width: 567px) 100vw, 567px\" data-rel='gallery-1' data-prev-img='https:\/\/costumecoutureberlin.com\/wp-content\/uploads\/2023\/12\/glitz-and-glamour-Embroidered-Velvet-Pant-with-Kimono-Top-1-495x400.jpg' class='lightbox ' data-onclick='2' title='&#8222;Embroidered Velvet pant&#8220;; &#8222;Kimono Top&#8220;, bamboogold \/ black '  itemprop=\"thumbnailUrl\"  ><img decoding=\"async\" class=\"wp-image-1414 avia-img-lazy-loading-not-1414\"  data-avia-tooltip='&#8222;Embroidered Velvet pant&#8220;; &#8222;Kimono Top&#8220;, bamboogold \/ black ' src=\"https:\/\/costumecoutureberlin.com\/wp-content\/uploads\/2023\/12\/glitz-and-glamour-Embroidered-Velvet-Pant-with-Kimono-Top-1.jpg\" width=\"567\" height=\"417\"  title='' alt='Glanz und Glamour: Embroidered Velvet pant und Kimono Top' srcset=\"https:\/\/costumecoutureberlin.com\/wp-content\/uploads\/2023\/12\/glitz-and-glamour-Embroidered-Velvet-Pant-with-Kimono-Top-1.jpg 567w, https:\/\/costumecoutureberlin.com\/wp-content\/uploads\/2023\/12\/glitz-and-glamour-Embroidered-Velvet-Pant-with-Kimono-Top-1-300x221.jpg 300w, https:\/\/costumecoutureberlin.com\/wp-content\/uploads\/2023\/12\/glitz-and-glamour-Embroidered-Velvet-Pant-with-Kimono-Top-1-450x331.jpg 450w\" sizes=\"(max-width: 567px) 100vw, 567px\" \/><div class='big-prev-fake'><img loading=\"lazy\" decoding=\"async\" class=\"wp-image-1414 avia-img-lazy-loading-1414\"  width=\"495\" height=\"400\" src=\"https:\/\/costumecoutureberlin.com\/wp-content\/uploads\/2023\/12\/glitz-and-glamour-Embroidered-Velvet-Pant-with-Kimono-Top-1-495x400.jpg\" title='' alt='Glanz und Glamour: Embroidered Velvet pant und Kimono Top' \/><\/div><\/a><a href=\"https:\/\/costumecoutureberlin.com\/wp-content\/uploads\/2023\/12\/glitz-and-glamour-samurai-top-1-1030x784.jpg\" data-srcset=\"https:\/\/costumecoutureberlin.com\/wp-content\/uploads\/2023\/12\/glitz-and-glamour-samurai-top-1-1030x784.jpg 1030w, https:\/\/costumecoutureberlin.com\/wp-content\/uploads\/2023\/12\/glitz-and-glamour-samurai-top-1-300x228.jpg 300w, https:\/\/costumecoutureberlin.com\/wp-content\/uploads\/2023\/12\/glitz-and-glamour-samurai-top-1-768x584.jpg 768w, https:\/\/costumecoutureberlin.com\/wp-content\/uploads\/2023\/12\/glitz-and-glamour-samurai-top-1-705x536.jpg 705w, https:\/\/costumecoutureberlin.com\/wp-content\/uploads\/2023\/12\/glitz-and-glamour-samurai-top-1-450x342.jpg 450w, https:\/\/costumecoutureberlin.com\/wp-content\/uploads\/2023\/12\/glitz-and-glamour-samurai-top-1-600x457.jpg 600w, https:\/\/costumecoutureberlin.com\/wp-content\/uploads\/2023\/12\/glitz-and-glamour-samurai-top-1.jpg 1280w\" data-sizes=\"(max-width: 1030px) 100vw, 1030px\" data-rel='gallery-1' data-prev-img='https:\/\/costumecoutureberlin.com\/wp-content\/uploads\/2023\/12\/glitz-and-glamour-samurai-top-1-495x400.jpg' class='lightbox ' data-onclick='3' title='&#8222;Samurai Top&#8220; with Bellsleeves, anthrazit\/black'  itemprop=\"thumbnailUrl\"  ><img decoding=\"async\" class=\"wp-image-1416 avia-img-lazy-loading-not-1416\"  data-avia-tooltip='&#8222;Samurai Top&#8220; with Bellsleeves, anthrazit\/black' src=\"https:\/\/costumecoutureberlin.com\/wp-content\/uploads\/2023\/12\/glitz-and-glamour-samurai-top-1.jpg\" width=\"1280\" height=\"974\"  title='' alt='Glanz und Glamour: Samurai Top von Costume Couture Berlin' srcset=\"https:\/\/costumecoutureberlin.com\/wp-content\/uploads\/2023\/12\/glitz-and-glamour-samurai-top-1.jpg 1280w, https:\/\/costumecoutureberlin.com\/wp-content\/uploads\/2023\/12\/glitz-and-glamour-samurai-top-1-300x228.jpg 300w, https:\/\/costumecoutureberlin.com\/wp-content\/uploads\/2023\/12\/glitz-and-glamour-samurai-top-1-1030x784.jpg 1030w, https:\/\/costumecoutureberlin.com\/wp-content\/uploads\/2023\/12\/glitz-and-glamour-samurai-top-1-768x584.jpg 768w, https:\/\/costumecoutureberlin.com\/wp-content\/uploads\/2023\/12\/glitz-and-glamour-samurai-top-1-705x536.jpg 705w, https:\/\/costumecoutureberlin.com\/wp-content\/uploads\/2023\/12\/glitz-and-glamour-samurai-top-1-450x342.jpg 450w, https:\/\/costumecoutureberlin.com\/wp-content\/uploads\/2023\/12\/glitz-and-glamour-samurai-top-1-600x457.jpg 600w\" sizes=\"(max-width: 1280px) 100vw, 1280px\" \/><div class='big-prev-fake'><img loading=\"lazy\" decoding=\"async\" class=\"wp-image-1416 avia-img-lazy-loading-1416\"  width=\"495\" height=\"400\" src=\"https:\/\/costumecoutureberlin.com\/wp-content\/uploads\/2023\/12\/glitz-and-glamour-samurai-top-1-495x400.jpg\" title='' alt='Glanz und Glamour: Samurai Top von Costume Couture Berlin' srcset=\"https:\/\/costumecoutureberlin.com\/wp-content\/uploads\/2023\/12\/glitz-and-glamour-samurai-top-1-495x400.jpg 495w, https:\/\/costumecoutureberlin.com\/wp-content\/uploads\/2023\/12\/glitz-and-glamour-samurai-top-1-845x684.jpg 845w\" sizes=\"auto, (max-width: 495px) 100vw, 495px\" \/><\/div><\/a><a href=\"https:\/\/costumecoutureberlin.com\/wp-content\/uploads\/2023\/12\/glitz-and-glamour-Tangerine-Bamboo-Skirt-und-Lace-Top-03.jpg\" data-srcset=\"https:\/\/costumecoutureberlin.com\/wp-content\/uploads\/2023\/12\/glitz-and-glamour-Tangerine-Bamboo-Skirt-und-Lace-Top-03.jpg 567w, https:\/\/costumecoutureberlin.com\/wp-content\/uploads\/2023\/12\/glitz-and-glamour-Tangerine-Bamboo-Skirt-und-Lace-Top-03-300x221.jpg 300w, https:\/\/costumecoutureberlin.com\/wp-content\/uploads\/2023\/12\/glitz-and-glamour-Tangerine-Bamboo-Skirt-und-Lace-Top-03-450x331.jpg 450w\" data-sizes=\"(max-width: 567px) 100vw, 567px\" data-rel='gallery-1' data-prev-img='https:\/\/costumecoutureberlin.com\/wp-content\/uploads\/2023\/12\/glitz-and-glamour-Tangerine-Bamboo-Skirt-und-Lace-Top-03-495x400.jpg' class='first_thumb lightbox ' data-onclick='4' title='&#8222;Circle Skirt&#8220; Bamboo with pockets, Tangerine; &#8222;Lace Turtleneck&#8220;, red\/metallic'  itemprop=\"thumbnailUrl\"  ><img decoding=\"async\" class=\"wp-image-1423 avia-img-lazy-loading-not-1423\"  data-avia-tooltip='&#8222;Circle Skirt&#8220; Bamboo with pockets, Tangerine; &#8222;Lace Turtleneck&#8220;, red\/metallic' src=\"https:\/\/costumecoutureberlin.com\/wp-content\/uploads\/2023\/12\/glitz-and-glamour-Tangerine-Bamboo-Skirt-und-Lace-Top-03.jpg\" width=\"567\" height=\"417\"  title='' alt='Glanz und Glamour: CIrcle Skirt von Costume Couture Berlin' srcset=\"https:\/\/costumecoutureberlin.com\/wp-content\/uploads\/2023\/12\/glitz-and-glamour-Tangerine-Bamboo-Skirt-und-Lace-Top-03.jpg 567w, https:\/\/costumecoutureberlin.com\/wp-content\/uploads\/2023\/12\/glitz-and-glamour-Tangerine-Bamboo-Skirt-und-Lace-Top-03-300x221.jpg 300w, https:\/\/costumecoutureberlin.com\/wp-content\/uploads\/2023\/12\/glitz-and-glamour-Tangerine-Bamboo-Skirt-und-Lace-Top-03-450x331.jpg 450w\" sizes=\"(max-width: 567px) 100vw, 567px\" \/><div class='big-prev-fake'><img loading=\"lazy\" decoding=\"async\" class=\"wp-image-1423 avia-img-lazy-loading-1423\"  width=\"495\" height=\"400\" src=\"https:\/\/costumecoutureberlin.com\/wp-content\/uploads\/2023\/12\/glitz-and-glamour-Tangerine-Bamboo-Skirt-und-Lace-Top-03-495x400.jpg\" title='' alt='Glanz und Glamour: CIrcle Skirt von Costume Couture Berlin' \/><\/div><\/a><a href=\"https:\/\/costumecoutureberlin.com\/wp-content\/uploads\/2023\/12\/glitz-and-glamour-embroidered-velvet-top.jpg\" data-srcset=\"https:\/\/costumecoutureberlin.com\/wp-content\/uploads\/2023\/12\/glitz-and-glamour-embroidered-velvet-top.jpg 567w, https:\/\/costumecoutureberlin.com\/wp-content\/uploads\/2023\/12\/glitz-and-glamour-embroidered-velvet-top-300x221.jpg 300w, https:\/\/costumecoutureberlin.com\/wp-content\/uploads\/2023\/12\/glitz-and-glamour-embroidered-velvet-top-450x331.jpg 450w\" data-sizes=\"(max-width: 567px) 100vw, 567px\" data-rel='gallery-1' data-prev-img='https:\/\/costumecoutureberlin.com\/wp-content\/uploads\/2023\/12\/glitz-and-glamour-embroidered-velvet-top-495x400.jpg' class='lightbox ' data-onclick='5' title='&#8222;Embroidered Boatneck Velvet Top&#8220;, black'  itemprop=\"thumbnailUrl\"  ><img decoding=\"async\" class=\"wp-image-1446 avia-img-lazy-loading-not-1446\"  data-avia-tooltip='&#8222;Embroidered Boatneck Velvet Top&#8220;, black' src=\"https:\/\/costumecoutureberlin.com\/wp-content\/uploads\/2023\/12\/glitz-and-glamour-embroidered-velvet-top.jpg\" width=\"567\" height=\"417\"  title='' alt='Glanz und Glamour: Embroided Boatneck von Costume Couture Berlin' srcset=\"https:\/\/costumecoutureberlin.com\/wp-content\/uploads\/2023\/12\/glitz-and-glamour-embroidered-velvet-top.jpg 567w, https:\/\/costumecoutureberlin.com\/wp-content\/uploads\/2023\/12\/glitz-and-glamour-embroidered-velvet-top-300x221.jpg 300w, https:\/\/costumecoutureberlin.com\/wp-content\/uploads\/2023\/12\/glitz-and-glamour-embroidered-velvet-top-450x331.jpg 450w\" sizes=\"(max-width: 567px) 100vw, 567px\" \/><div class='big-prev-fake'><img loading=\"lazy\" decoding=\"async\" class=\"wp-image-1446 avia-img-lazy-loading-1446\"  width=\"495\" height=\"400\" src=\"https:\/\/costumecoutureberlin.com\/wp-content\/uploads\/2023\/12\/glitz-and-glamour-embroidered-velvet-top-495x400.jpg\" title='' alt='Glanz und Glamour: Embroided Boatneck von Costume Couture Berlin' \/><\/div><\/a><a href=\"https:\/\/costumecoutureberlin.com\/wp-content\/uploads\/2023\/12\/glitz-and-glamour-Gold-Metallic-Zig-Zag-Pant-02.jpg\" data-srcset=\"https:\/\/costumecoutureberlin.com\/wp-content\/uploads\/2023\/12\/glitz-and-glamour-Gold-Metallic-Zig-Zag-Pant-02.jpg 567w, https:\/\/costumecoutureberlin.com\/wp-content\/uploads\/2023\/12\/glitz-and-glamour-Gold-Metallic-Zig-Zag-Pant-02-300x221.jpg 300w, https:\/\/costumecoutureberlin.com\/wp-content\/uploads\/2023\/12\/glitz-and-glamour-Gold-Metallic-Zig-Zag-Pant-02-450x331.jpg 450w\" data-sizes=\"(max-width: 567px) 100vw, 567px\" data-rel='gallery-1' data-prev-img='https:\/\/costumecoutureberlin.com\/wp-content\/uploads\/2023\/12\/glitz-and-glamour-Gold-Metallic-Zig-Zag-Pant-02-495x400.jpg' class='lightbox ' data-onclick='6' title='Narrow Pant, &#8222;Zig Zag&#8220;, black &#038; gold metallic'  itemprop=\"thumbnailUrl\"  ><img decoding=\"async\" class=\"wp-image-1419 avia-img-lazy-loading-not-1419\"  data-avia-tooltip='Narrow Pant, &#8222;Zig Zag&#8220;, black &#038; gold metallic' src=\"https:\/\/costumecoutureberlin.com\/wp-content\/uploads\/2023\/12\/glitz-and-glamour-Gold-Metallic-Zig-Zag-Pant-02.jpg\" width=\"567\" height=\"417\"  title='' alt='Glanz und Glamour: Narrow Pant in Zickzack-Muster von Costume Couture Berlin' srcset=\"https:\/\/costumecoutureberlin.com\/wp-content\/uploads\/2023\/12\/glitz-and-glamour-Gold-Metallic-Zig-Zag-Pant-02.jpg 567w, https:\/\/costumecoutureberlin.com\/wp-content\/uploads\/2023\/12\/glitz-and-glamour-Gold-Metallic-Zig-Zag-Pant-02-300x221.jpg 300w, https:\/\/costumecoutureberlin.com\/wp-content\/uploads\/2023\/12\/glitz-and-glamour-Gold-Metallic-Zig-Zag-Pant-02-450x331.jpg 450w\" sizes=\"(max-width: 567px) 100vw, 567px\" \/><div class='big-prev-fake'><img loading=\"lazy\" decoding=\"async\" class=\"wp-image-1419 avia-img-lazy-loading-1419\"  width=\"495\" height=\"400\" src=\"https:\/\/costumecoutureberlin.com\/wp-content\/uploads\/2023\/12\/glitz-and-glamour-Gold-Metallic-Zig-Zag-Pant-02-495x400.jpg\" title='' alt='Glanz und Glamour: Narrow Pant in Zickzack-Muster von Costume Couture Berlin' \/><\/div><\/a><\/div><\/div><\/div><\/p>\n","protected":false},"excerpt":{"rendered":"","protected":false},"author":1,"featured_media":0,"parent":1497,"menu_order":0,"comment_status":"closed","ping_status":"closed","template":"","meta":{"footnotes":""},"class_list":["post-1498","page","type-page","status-publish","hentry"],"yoast_head":"<!-- This site is optimized with the Yoast SEO plugin v21.3 - https:\/\/yoast.com\/wordpress\/plugins\/seo\/ -->\n<title>Glanz und Glamour - Costume Couture Berlin<\/title>\n<meta name=\"description\" content=\"Glanz und Glamour ist luxuri\u00f6se, elegante Mode f\u00fcr besondere Anl\u00e4sse. Einzigartige Drucke, Spitzen, Samt, Glitzer und Metallics.\" \/>\n<meta name=\"robots\" content=\"index, follow, max-snippet:-1, max-image-preview:large, max-video-preview:-1\" \/>\n<link rel=\"canonical\" href=\"https:\/\/costumecoutureberlin.com\/de\/kollektionen\/anniversary\/glanz-und-glamour\/\" \/>\n<meta property=\"og:locale\" content=\"de_DE\" \/>\n<meta property=\"og:type\" content=\"article\" \/>\n<meta property=\"og:title\" content=\"Glanz und Glamour - Costume Couture Berlin\" \/>\n<meta property=\"og:description\" content=\"Glanz und Glamour ist luxuri\u00f6se, elegante Mode f\u00fcr besondere Anl\u00e4sse. Einzigartige Drucke, Spitzen, Samt, Glitzer und Metallics.\" \/>\n<meta property=\"og:url\" content=\"https:\/\/costumecoutureberlin.com\/de\/kollektionen\/anniversary\/glanz-und-glamour\/\" \/>\n<meta property=\"og:site_name\" content=\"Costume Couture Berlin\" \/>\n<meta property=\"article:modified_time\" content=\"2024-05-19T15:09:38+00:00\" \/>\n<meta name=\"twitter:card\" content=\"summary_large_image\" \/>\n<meta name=\"twitter:label1\" content=\"Gesch\u00e4tzte Lesezeit\" \/>\n\t<meta name=\"twitter:data1\" content=\"2\u00a0Minuten\" \/>\n<script type=\"application\/ld+json\" class=\"yoast-schema-graph\">{\"@context\":\"https:\/\/schema.org\",\"@graph\":[{\"@type\":\"WebPage\",\"@id\":\"https:\/\/costumecoutureberlin.com\/de\/kollektionen\/anniversary\/glanz-und-glamour\/\",\"url\":\"https:\/\/costumecoutureberlin.com\/de\/kollektionen\/anniversary\/glanz-und-glamour\/\",\"name\":\"Glanz und Glamour - Costume Couture Berlin\",\"isPartOf\":{\"@id\":\"https:\/\/costumecoutureberlin.com\/#website\"},\"datePublished\":\"2023-10-09T10:15:47+00:00\",\"dateModified\":\"2024-05-19T15:09:38+00:00\",\"description\":\"Glanz und Glamour ist luxuri\u00f6se, elegante Mode f\u00fcr besondere Anl\u00e4sse. Einzigartige Drucke, Spitzen, Samt, Glitzer und Metallics.\",\"breadcrumb\":{\"@id\":\"https:\/\/costumecoutureberlin.com\/de\/kollektionen\/anniversary\/glanz-und-glamour\/#breadcrumb\"},\"inLanguage\":\"de\",\"potentialAction\":[{\"@type\":\"ReadAction\",\"target\":[\"https:\/\/costumecoutureberlin.com\/de\/kollektionen\/anniversary\/glanz-und-glamour\/\"]}]},{\"@type\":\"BreadcrumbList\",\"@id\":\"https:\/\/costumecoutureberlin.com\/de\/kollektionen\/anniversary\/glanz-und-glamour\/#breadcrumb\",\"itemListElement\":[{\"@type\":\"ListItem\",\"position\":1,\"name\":\"Startseite\",\"item\":\"https:\/\/costumecoutureberlin.com\/de\/\"},{\"@type\":\"ListItem\",\"position\":2,\"name\":\"Kollektionen\",\"item\":\"https:\/\/costumecoutureberlin.com\/de\/kollektionen\/\"},{\"@type\":\"ListItem\",\"position\":3,\"name\":\"Anniversary\",\"item\":\"https:\/\/costumecoutureberlin.com\/de\/kollektionen\/anniversary\/\"},{\"@type\":\"ListItem\",\"position\":4,\"name\":\"Glanz und Glamour\"}]},{\"@type\":\"WebSite\",\"@id\":\"https:\/\/costumecoutureberlin.com\/#website\",\"url\":\"https:\/\/costumecoutureberlin.com\/\",\"name\":\"Costume Couture Berlin\",\"description\":\"Fashion Designer\",\"potentialAction\":[{\"@type\":\"SearchAction\",\"target\":{\"@type\":\"EntryPoint\",\"urlTemplate\":\"https:\/\/costumecoutureberlin.com\/?s={search_term_string}\"},\"query-input\":\"required name=search_term_string\"}],\"inLanguage\":\"de\"}]}<\/script>\n<!-- \/ Yoast SEO plugin. -->","yoast_head_json":{"title":"Glanz und Glamour - Costume Couture Berlin","description":"Glanz und Glamour ist luxuri\u00f6se, elegante Mode f\u00fcr besondere Anl\u00e4sse. Einzigartige Drucke, Spitzen, Samt, Glitzer und Metallics.","robots":{"index":"index","follow":"follow","max-snippet":"max-snippet:-1","max-image-preview":"max-image-preview:large","max-video-preview":"max-video-preview:-1"},"canonical":"https:\/\/costumecoutureberlin.com\/de\/kollektionen\/anniversary\/glanz-und-glamour\/","og_locale":"de_DE","og_type":"article","og_title":"Glanz und Glamour - Costume Couture Berlin","og_description":"Glanz und Glamour ist luxuri\u00f6se, elegante Mode f\u00fcr besondere Anl\u00e4sse. Einzigartige Drucke, Spitzen, Samt, Glitzer und Metallics.","og_url":"https:\/\/costumecoutureberlin.com\/de\/kollektionen\/anniversary\/glanz-und-glamour\/","og_site_name":"Costume Couture Berlin","article_modified_time":"2024-05-19T15:09:38+00:00","twitter_card":"summary_large_image","twitter_misc":{"Gesch\u00e4tzte Lesezeit":"2\u00a0Minuten"},"schema":{"@context":"https:\/\/schema.org","@graph":[{"@type":"WebPage","@id":"https:\/\/costumecoutureberlin.com\/de\/kollektionen\/anniversary\/glanz-und-glamour\/","url":"https:\/\/costumecoutureberlin.com\/de\/kollektionen\/anniversary\/glanz-und-glamour\/","name":"Glanz und Glamour - Costume Couture Berlin","isPartOf":{"@id":"https:\/\/costumecoutureberlin.com\/#website"},"datePublished":"2023-10-09T10:15:47+00:00","dateModified":"2024-05-19T15:09:38+00:00","description":"Glanz und Glamour ist luxuri\u00f6se, elegante Mode f\u00fcr besondere Anl\u00e4sse. Einzigartige Drucke, Spitzen, Samt, Glitzer und Metallics.","breadcrumb":{"@id":"https:\/\/costumecoutureberlin.com\/de\/kollektionen\/anniversary\/glanz-und-glamour\/#breadcrumb"},"inLanguage":"de","potentialAction":[{"@type":"ReadAction","target":["https:\/\/costumecoutureberlin.com\/de\/kollektionen\/anniversary\/glanz-und-glamour\/"]}]},{"@type":"BreadcrumbList","@id":"https:\/\/costumecoutureberlin.com\/de\/kollektionen\/anniversary\/glanz-und-glamour\/#breadcrumb","itemListElement":[{"@type":"ListItem","position":1,"name":"Startseite","item":"https:\/\/costumecoutureberlin.com\/de\/"},{"@type":"ListItem","position":2,"name":"Kollektionen","item":"https:\/\/costumecoutureberlin.com\/de\/kollektionen\/"},{"@type":"ListItem","position":3,"name":"Anniversary","item":"https:\/\/costumecoutureberlin.com\/de\/kollektionen\/anniversary\/"},{"@type":"ListItem","position":4,"name":"Glanz und Glamour"}]},{"@type":"WebSite","@id":"https:\/\/costumecoutureberlin.com\/#website","url":"https:\/\/costumecoutureberlin.com\/","name":"Costume Couture Berlin","description":"Fashion Designer","potentialAction":[{"@type":"SearchAction","target":{"@type":"EntryPoint","urlTemplate":"https:\/\/costumecoutureberlin.com\/?s={search_term_string}"},"query-input":"required name=search_term_string"}],"inLanguage":"de"}]}},"_links":{"self":[{"href":"https:\/\/costumecoutureberlin.com\/de\/wp-json\/wp\/v2\/pages\/1498","targetHints":{"allow":["GET"]}}],"collection":[{"href":"https:\/\/costumecoutureberlin.com\/de\/wp-json\/wp\/v2\/pages"}],"about":[{"href":"https:\/\/costumecoutureberlin.com\/de\/wp-json\/wp\/v2\/types\/page"}],"author":[{"embeddable":true,"href":"https:\/\/costumecoutureberlin.com\/de\/wp-json\/wp\/v2\/users\/1"}],"replies":[{"embeddable":true,"href":"https:\/\/costumecoutureberlin.com\/de\/wp-json\/wp\/v2\/comments?post=1498"}],"version-history":[{"count":5,"href":"https:\/\/costumecoutureberlin.com\/de\/wp-json\/wp\/v2\/pages\/1498\/revisions"}],"predecessor-version":[{"id":1731,"href":"https:\/\/costumecoutureberlin.com\/de\/wp-json\/wp\/v2\/pages\/1498\/revisions\/1731"}],"up":[{"embeddable":true,"href":"https:\/\/costumecoutureberlin.com\/de\/wp-json\/wp\/v2\/pages\/1497"}],"wp:attachment":[{"href":"https:\/\/costumecoutureberlin.com\/de\/wp-json\/wp\/v2\/media?parent=1498"}],"curies":[{"name":"wp","href":"https:\/\/api.w.org\/{rel}","templated":true}]}}