{"id":1497,"date":"2023-10-09T12:15:08","date_gmt":"2023-10-09T10:15:08","guid":{"rendered":"https:\/\/costumecoutureberlin.com\/?page_id=1497"},"modified":"2024-01-31T19:05:40","modified_gmt":"2024-01-31T18:05:40","slug":"anniversary","status":"publish","type":"page","link":"https:\/\/costumecoutureberlin.com\/de\/kollektionen\/anniversary\/","title":{"rendered":"Anniversary"},"content":{"rendered":"<div  class='flex_column av-43e4-d07c2e19c4222da9b3cd05d3eaaf4d43 av_one_full  avia-builder-el-0  el_before_av_one_full  avia-builder-el-first  first flex_column_div  '     ><section  class='av_textblock_section av-lnoj52hn-9b2d62b0aede77a474a7128b6d484f09 '   itemscope=\"itemscope\" itemtype=\"https:\/\/schema.org\/CreativeWork\" ><div class='avia_textblock'  itemprop=\"text\" ><h1>Anniversary<\/h1>\n<\/div><\/section><\/div>\n<div  class='flex_column av-272e0-1ccb0c0779ca120322c2aec0e1e496a4 av_one_full  avia-builder-el-2  el_after_av_one_full  el_before_av_one_half  first flex_column_div  column-top-margin'     ><\/div>\n<div  class='flex_column av-1r6bk-917b4725045907f1315423ab9b8c46cd av_one_half  avia-builder-el-3  el_after_av_one_full  el_before_av_one_half  first flex_column_div  column-top-margin'     ><style type=\"text\/css\" data-created_by=\"avia_inline_auto\" id=\"style-css-av-lnplmany-78a5b4509d67797bccf3ea856fea28b1\">\n.avia-image-container.av-lnplmany-78a5b4509d67797bccf3ea856fea28b1 img.avia_image{\nbox-shadow:none;\n}\n.avia-image-container.av-lnplmany-78a5b4509d67797bccf3ea856fea28b1 .av-image-caption-overlay-center{\ncolor:#ffffff;\n}\n<\/style>\n<div  class='avia-image-container av-lnplmany-78a5b4509d67797bccf3ea856fea28b1 av-styling- avia-align-center  avia-builder-el-4  avia-builder-el-no-sibling '   itemprop=\"image\" itemscope=\"itemscope\" itemtype=\"https:\/\/schema.org\/ImageObject\" ><div class=\"avia-image-container-inner\"><div class=\"avia-image-overlay-wrap\"><img decoding=\"async\" class='wp-image-1373 avia-img-lazy-loading-not-1373 avia_image ' src=\"https:\/\/costumecoutureberlin.com\/wp-content\/uploads\/2023\/10\/anniversary-collection-costume-couture-berlin.jpg\" alt='Anniversary - Costume Couture Berlin' title='anniversary-collection-costume-couture-berlin'  height=\"1000\" width=\"1000\"  itemprop=\"thumbnailUrl\" srcset=\"https:\/\/costumecoutureberlin.com\/wp-content\/uploads\/2023\/10\/anniversary-collection-costume-couture-berlin.jpg 1000w, https:\/\/costumecoutureberlin.com\/wp-content\/uploads\/2023\/10\/anniversary-collection-costume-couture-berlin-300x300.jpg 300w, https:\/\/costumecoutureberlin.com\/wp-content\/uploads\/2023\/10\/anniversary-collection-costume-couture-berlin-80x80.jpg 80w, https:\/\/costumecoutureberlin.com\/wp-content\/uploads\/2023\/10\/anniversary-collection-costume-couture-berlin-768x768.jpg 768w, https:\/\/costumecoutureberlin.com\/wp-content\/uploads\/2023\/10\/anniversary-collection-costume-couture-berlin-36x36.jpg 36w, https:\/\/costumecoutureberlin.com\/wp-content\/uploads\/2023\/10\/anniversary-collection-costume-couture-berlin-180x180.jpg 180w, https:\/\/costumecoutureberlin.com\/wp-content\/uploads\/2023\/10\/anniversary-collection-costume-couture-berlin-705x705.jpg 705w, https:\/\/costumecoutureberlin.com\/wp-content\/uploads\/2023\/10\/anniversary-collection-costume-couture-berlin-120x120.jpg 120w, https:\/\/costumecoutureberlin.com\/wp-content\/uploads\/2023\/10\/anniversary-collection-costume-couture-berlin-450x450.jpg 450w, https:\/\/costumecoutureberlin.com\/wp-content\/uploads\/2023\/10\/anniversary-collection-costume-couture-berlin-600x600.jpg 600w, https:\/\/costumecoutureberlin.com\/wp-content\/uploads\/2023\/10\/anniversary-collection-costume-couture-berlin-100x100.jpg 100w\" sizes=\"(max-width: 1000px) 100vw, 1000px\" \/><\/div><\/div><\/div><\/div><div  class='flex_column av-p3pw-4b9140d37db817c5b4a9c5d17d124feb av_one_half  avia-builder-el-5  el_after_av_one_half  avia-builder-el-last  flex_column_div  column-top-margin'     ><style type=\"text\/css\" data-created_by=\"avia_inline_auto\" id=\"style-css-av-lnpkvyqs-c2ce4e1d52fc39657eb964e9c81677d6\">\n#top .av_textblock_section.av-lnpkvyqs-c2ce4e1d52fc39657eb964e9c81677d6 .avia_textblock{\nfont-size:16px;\n}\n<\/style>\n<section  class='av_textblock_section av-lnpkvyqs-c2ce4e1d52fc39657eb964e9c81677d6 '   itemscope=\"itemscope\" itemtype=\"https:\/\/schema.org\/CreativeWork\" ><div class='avia_textblock'  itemprop=\"text\" ><h2>30 Jahre Modedesign &#8211; ein innovativer Mix aus Stilen und Stoffen<\/h2>\n<p><strong>Glanz und Glamour:<\/strong> Luxuri\u00f6s und elegant f\u00fcr besondere Anl\u00e4sse und Gelegenheiten. Einzigartige Drucke, Spitzen, Samt, Glitzer und Metallics.<\/p>\n<p><strong>Nat\u00fcrliche Stoffe:<\/strong> Nie aus der Mode! Diese Kollektion nat\u00fcrlicher &#8222;Basics&#8220; besteht aus atmungsaktiven, nachhaltigen Bio-Fasern, die weich und pflegeleicht sind und Komfort f\u00fcr jede Gelegenheit bieten.<\/p>\n<p><strong>Unikate:<\/strong> F\u00fcr den wahren Individualisten sind dies einzigartige St\u00fccke f\u00fcr den Modesammler!<\/p>\n<p>F\u00fcr Ihre ganz besonderen Anl\u00e4sse wie Hochzeiten, Gala Events und Reisen kann auf Anfrage individuell bestellt werden. Bitte ein Minimum von 4 &#8211; 8 Wochen Zeit planen.<\/p>\n<\/div><\/section><\/div><\/p>\n","protected":false},"excerpt":{"rendered":"","protected":false},"author":1,"featured_media":0,"parent":1496,"menu_order":0,"comment_status":"closed","ping_status":"closed","template":"","meta":{"footnotes":""},"class_list":["post-1497","page","type-page","status-publish","hentry"],"yoast_head":"<!-- This site is optimized with the Yoast SEO plugin v21.3 - https:\/\/yoast.com\/wordpress\/plugins\/seo\/ -->\n<title>Anniversary - Costume Couture Berlin<\/title>\n<meta name=\"description\" content=\"Die Anniversary Kollektion von Costume Couture Berlin bietet einen innovativen Mix aus Stilen &amp; Stoffen - Luxus, Naturmaterialien &amp; Unikate.\" \/>\n<meta name=\"robots\" content=\"index, follow, max-snippet:-1, max-image-preview:large, max-video-preview:-1\" \/>\n<link rel=\"canonical\" href=\"https:\/\/costumecoutureberlin.com\/de\/kollektionen\/anniversary\/\" \/>\n<meta property=\"og:locale\" content=\"de_DE\" \/>\n<meta property=\"og:type\" content=\"article\" \/>\n<meta property=\"og:title\" content=\"Anniversary - Costume Couture Berlin\" \/>\n<meta property=\"og:description\" content=\"Die Anniversary Kollektion von Costume Couture Berlin bietet einen innovativen Mix aus Stilen &amp; Stoffen - Luxus, Naturmaterialien &amp; Unikate.\" \/>\n<meta property=\"og:url\" content=\"https:\/\/costumecoutureberlin.com\/de\/kollektionen\/anniversary\/\" \/>\n<meta property=\"og:site_name\" content=\"Costume Couture Berlin\" \/>\n<meta property=\"article:modified_time\" content=\"2024-01-31T18:05:40+00:00\" \/>\n<meta name=\"twitter:card\" content=\"summary_large_image\" \/>\n<meta name=\"twitter:label1\" content=\"Gesch\u00e4tzte Lesezeit\" \/>\n\t<meta name=\"twitter:data1\" content=\"5\u00a0Minuten\" \/>\n<script type=\"application\/ld+json\" class=\"yoast-schema-graph\">{\"@context\":\"https:\/\/schema.org\",\"@graph\":[{\"@type\":\"WebPage\",\"@id\":\"https:\/\/costumecoutureberlin.com\/de\/kollektionen\/anniversary\/\",\"url\":\"https:\/\/costumecoutureberlin.com\/de\/kollektionen\/anniversary\/\",\"name\":\"Anniversary - Costume Couture Berlin\",\"isPartOf\":{\"@id\":\"https:\/\/costumecoutureberlin.com\/#website\"},\"datePublished\":\"2023-10-09T10:15:08+00:00\",\"dateModified\":\"2024-01-31T18:05:40+00:00\",\"description\":\"Die Anniversary Kollektion von Costume Couture Berlin bietet einen innovativen Mix aus Stilen & Stoffen - Luxus, Naturmaterialien & Unikate.\",\"breadcrumb\":{\"@id\":\"https:\/\/costumecoutureberlin.com\/de\/kollektionen\/anniversary\/#breadcrumb\"},\"inLanguage\":\"de\",\"potentialAction\":[{\"@type\":\"ReadAction\",\"target\":[\"https:\/\/costumecoutureberlin.com\/de\/kollektionen\/anniversary\/\"]}]},{\"@type\":\"BreadcrumbList\",\"@id\":\"https:\/\/costumecoutureberlin.com\/de\/kollektionen\/anniversary\/#breadcrumb\",\"itemListElement\":[{\"@type\":\"ListItem\",\"position\":1,\"name\":\"Startseite\",\"item\":\"https:\/\/costumecoutureberlin.com\/de\/\"},{\"@type\":\"ListItem\",\"position\":2,\"name\":\"Kollektionen\",\"item\":\"https:\/\/costumecoutureberlin.com\/de\/kollektionen\/\"},{\"@type\":\"ListItem\",\"position\":3,\"name\":\"Anniversary\"}]},{\"@type\":\"WebSite\",\"@id\":\"https:\/\/costumecoutureberlin.com\/#website\",\"url\":\"https:\/\/costumecoutureberlin.com\/\",\"name\":\"Costume Couture Berlin\",\"description\":\"Fashion Designer\",\"potentialAction\":[{\"@type\":\"SearchAction\",\"target\":{\"@type\":\"EntryPoint\",\"urlTemplate\":\"https:\/\/costumecoutureberlin.com\/?s={search_term_string}\"},\"query-input\":\"required name=search_term_string\"}],\"inLanguage\":\"de\"}]}<\/script>\n<!-- \/ Yoast SEO plugin. -->","yoast_head_json":{"title":"Anniversary - Costume Couture Berlin","description":"Die Anniversary Kollektion von Costume Couture Berlin bietet einen innovativen Mix aus Stilen & Stoffen - Luxus, Naturmaterialien & Unikate.","robots":{"index":"index","follow":"follow","max-snippet":"max-snippet:-1","max-image-preview":"max-image-preview:large","max-video-preview":"max-video-preview:-1"},"canonical":"https:\/\/costumecoutureberlin.com\/de\/kollektionen\/anniversary\/","og_locale":"de_DE","og_type":"article","og_title":"Anniversary - Costume Couture Berlin","og_description":"Die Anniversary Kollektion von Costume Couture Berlin bietet einen innovativen Mix aus Stilen & Stoffen - Luxus, Naturmaterialien & Unikate.","og_url":"https:\/\/costumecoutureberlin.com\/de\/kollektionen\/anniversary\/","og_site_name":"Costume Couture Berlin","article_modified_time":"2024-01-31T18:05:40+00:00","twitter_card":"summary_large_image","twitter_misc":{"Gesch\u00e4tzte Lesezeit":"5\u00a0Minuten"},"schema":{"@context":"https:\/\/schema.org","@graph":[{"@type":"WebPage","@id":"https:\/\/costumecoutureberlin.com\/de\/kollektionen\/anniversary\/","url":"https:\/\/costumecoutureberlin.com\/de\/kollektionen\/anniversary\/","name":"Anniversary - Costume Couture Berlin","isPartOf":{"@id":"https:\/\/costumecoutureberlin.com\/#website"},"datePublished":"2023-10-09T10:15:08+00:00","dateModified":"2024-01-31T18:05:40+00:00","description":"Die Anniversary Kollektion von Costume Couture Berlin bietet einen innovativen Mix aus Stilen & Stoffen - Luxus, Naturmaterialien & Unikate.","breadcrumb":{"@id":"https:\/\/costumecoutureberlin.com\/de\/kollektionen\/anniversary\/#breadcrumb"},"inLanguage":"de","potentialAction":[{"@type":"ReadAction","target":["https:\/\/costumecoutureberlin.com\/de\/kollektionen\/anniversary\/"]}]},{"@type":"BreadcrumbList","@id":"https:\/\/costumecoutureberlin.com\/de\/kollektionen\/anniversary\/#breadcrumb","itemListElement":[{"@type":"ListItem","position":1,"name":"Startseite","item":"https:\/\/costumecoutureberlin.com\/de\/"},{"@type":"ListItem","position":2,"name":"Kollektionen","item":"https:\/\/costumecoutureberlin.com\/de\/kollektionen\/"},{"@type":"ListItem","position":3,"name":"Anniversary"}]},{"@type":"WebSite","@id":"https:\/\/costumecoutureberlin.com\/#website","url":"https:\/\/costumecoutureberlin.com\/","name":"Costume Couture Berlin","description":"Fashion Designer","potentialAction":[{"@type":"SearchAction","target":{"@type":"EntryPoint","urlTemplate":"https:\/\/costumecoutureberlin.com\/?s={search_term_string}"},"query-input":"required name=search_term_string"}],"inLanguage":"de"}]}},"_links":{"self":[{"href":"https:\/\/costumecoutureberlin.com\/de\/wp-json\/wp\/v2\/pages\/1497","targetHints":{"allow":["GET"]}}],"collection":[{"href":"https:\/\/costumecoutureberlin.com\/de\/wp-json\/wp\/v2\/pages"}],"about":[{"href":"https:\/\/costumecoutureberlin.com\/de\/wp-json\/wp\/v2\/types\/page"}],"author":[{"embeddable":true,"href":"https:\/\/costumecoutureberlin.com\/de\/wp-json\/wp\/v2\/users\/1"}],"replies":[{"embeddable":true,"href":"https:\/\/costumecoutureberlin.com\/de\/wp-json\/wp\/v2\/comments?post=1497"}],"version-history":[{"count":3,"href":"https:\/\/costumecoutureberlin.com\/de\/wp-json\/wp\/v2\/pages\/1497\/revisions"}],"predecessor-version":[{"id":1913,"href":"https:\/\/costumecoutureberlin.com\/de\/wp-json\/wp\/v2\/pages\/1497\/revisions\/1913"}],"up":[{"embeddable":true,"href":"https:\/\/costumecoutureberlin.com\/de\/wp-json\/wp\/v2\/pages\/1496"}],"wp:attachment":[{"href":"https:\/\/costumecoutureberlin.com\/de\/wp-json\/wp\/v2\/media?parent=1497"}],"curies":[{"name":"wp","href":"https:\/\/api.w.org\/{rel}","templated":true}]}}