{"id":1493,"date":"2023-10-09T12:16:10","date_gmt":"2023-10-09T10:16:10","guid":{"rendered":"https:\/\/costumecoutureberlin.com\/?page_id=1493"},"modified":"2024-05-19T17:56:40","modified_gmt":"2024-05-19T15:56:40","slug":"modedesignerin-bettina-maria-das-konzept","status":"publish","type":"page","link":"https:\/\/costumecoutureberlin.com\/de\/bettina-maria-fahlbusch-ueber-mich\/modedesignerin-bettina-maria-das-konzept\/","title":{"rendered":"Das Konzept"},"content":{"rendered":"<div  class='flex_column av-3zgu-3afddae573914713747abc4f3e83321d av_one_full  avia-builder-el-0  el_before_av_one_half  avia-builder-el-first  first flex_column_div  '     ><section  class='av_textblock_section av-lnoj2xwy-a0e6d63a574a12268d116e341570d97a '   itemscope=\"itemscope\" itemtype=\"https:\/\/schema.org\/CreativeWork\" ><div class='avia_textblock'  itemprop=\"text\" ><h1>Mein Konzept<\/h1>\n<\/div><\/section><\/div>\n<div  class='flex_column av-23iba-1afb1f833bde2b6232256eb9dd56a7f9 av_one_half  avia-builder-el-2  el_after_av_one_full  el_before_av_one_half  first flex_column_div  column-top-margin'     ><p>\n<style type=\"text\/css\" data-created_by=\"avia_inline_auto\" id=\"style-css-av-lnogbivg-e35f1b1c44bb14ca8efb4b0e066f3fa9\">\n.avia-image-container.av-lnogbivg-e35f1b1c44bb14ca8efb4b0e066f3fa9 img.avia_image{\nbox-shadow:none;\n}\n.avia-image-container.av-lnogbivg-e35f1b1c44bb14ca8efb4b0e066f3fa9 .av-image-caption-overlay-center{\ncolor:#ffffff;\n}\n<\/style>\n<div  class='avia-image-container av-lnogbivg-e35f1b1c44bb14ca8efb4b0e066f3fa9 av-styling- avia-align-center  avia-builder-el-3  el_before_av_hr  avia-builder-el-first '   itemprop=\"image\" itemscope=\"itemscope\" itemtype=\"https:\/\/schema.org\/ImageObject\" ><div class=\"avia-image-container-inner\"><div class=\"avia-image-overlay-wrap\"><img decoding=\"async\" class='wp-image-1374 avia-img-lazy-loading-not-1374 avia_image ' src=\"https:\/\/costumecoutureberlin.com\/wp-content\/uploads\/2023\/10\/my-concept-Costume-Couture-Berlin.jpg\" alt='Modedesignerin Bettina Maria Fahlbusch - Konzept' title='my-concept-Costume-Couture-Berlin'  height=\"1000\" width=\"1000\"  itemprop=\"thumbnailUrl\" srcset=\"https:\/\/costumecoutureberlin.com\/wp-content\/uploads\/2023\/10\/my-concept-Costume-Couture-Berlin.jpg 1000w, https:\/\/costumecoutureberlin.com\/wp-content\/uploads\/2023\/10\/my-concept-Costume-Couture-Berlin-300x300.jpg 300w, https:\/\/costumecoutureberlin.com\/wp-content\/uploads\/2023\/10\/my-concept-Costume-Couture-Berlin-80x80.jpg 80w, https:\/\/costumecoutureberlin.com\/wp-content\/uploads\/2023\/10\/my-concept-Costume-Couture-Berlin-768x768.jpg 768w, https:\/\/costumecoutureberlin.com\/wp-content\/uploads\/2023\/10\/my-concept-Costume-Couture-Berlin-36x36.jpg 36w, https:\/\/costumecoutureberlin.com\/wp-content\/uploads\/2023\/10\/my-concept-Costume-Couture-Berlin-180x180.jpg 180w, https:\/\/costumecoutureberlin.com\/wp-content\/uploads\/2023\/10\/my-concept-Costume-Couture-Berlin-705x705.jpg 705w, https:\/\/costumecoutureberlin.com\/wp-content\/uploads\/2023\/10\/my-concept-Costume-Couture-Berlin-120x120.jpg 120w, https:\/\/costumecoutureberlin.com\/wp-content\/uploads\/2023\/10\/my-concept-Costume-Couture-Berlin-450x450.jpg 450w, https:\/\/costumecoutureberlin.com\/wp-content\/uploads\/2023\/10\/my-concept-Costume-Couture-Berlin-600x600.jpg 600w, https:\/\/costumecoutureberlin.com\/wp-content\/uploads\/2023\/10\/my-concept-Costume-Couture-Berlin-100x100.jpg 100w\" sizes=\"(max-width: 1000px) 100vw, 1000px\" \/><\/div><\/div><\/div><br \/>\n<div  class='hr av-nnq2-89423933ac5d2d057802c8f05d8555c4 hr-default  avia-builder-el-4  el_after_av_image  el_before_av_image '><span class='hr-inner '><span class=\"hr-inner-style\"><\/span><\/span><\/div><br \/>\n\n<style type=\"text\/css\" data-created_by=\"avia_inline_auto\" id=\"style-css-av-lq5eenpp-148c2cfd57974801a99557912c24cddc\">\n.avia-image-container.av-lq5eenpp-148c2cfd57974801a99557912c24cddc img.avia_image{\nbox-shadow:none;\n}\n.avia-image-container.av-lq5eenpp-148c2cfd57974801a99557912c24cddc .av-image-caption-overlay-center{\ncolor:#ffffff;\n}\n<\/style>\n<div  class='avia-image-container av-lq5eenpp-148c2cfd57974801a99557912c24cddc av-styling- avia-align-center  avia-builder-el-5  el_after_av_hr  avia-builder-el-last '   itemprop=\"image\" itemscope=\"itemscope\" itemtype=\"https:\/\/schema.org\/ImageObject\" ><div class=\"avia-image-container-inner\"><div class=\"avia-image-overlay-wrap\"><img decoding=\"async\" class='wp-image-1445 avia-img-lazy-loading-not-1445 avia_image ' src=\"https:\/\/costumecoutureberlin.com\/wp-content\/uploads\/2023\/12\/my-concept-costume-couture-berlin-.jpg\" alt='Modedesignerin Bettina Maria von Costume Couture Berlin' title='my-concept-costume-couture-berlin-'  height=\"1000\" width=\"1000\"  itemprop=\"thumbnailUrl\" srcset=\"https:\/\/costumecoutureberlin.com\/wp-content\/uploads\/2023\/12\/my-concept-costume-couture-berlin-.jpg 1000w, https:\/\/costumecoutureberlin.com\/wp-content\/uploads\/2023\/12\/my-concept-costume-couture-berlin--300x300.jpg 300w, https:\/\/costumecoutureberlin.com\/wp-content\/uploads\/2023\/12\/my-concept-costume-couture-berlin--80x80.jpg 80w, https:\/\/costumecoutureberlin.com\/wp-content\/uploads\/2023\/12\/my-concept-costume-couture-berlin--768x768.jpg 768w, https:\/\/costumecoutureberlin.com\/wp-content\/uploads\/2023\/12\/my-concept-costume-couture-berlin--36x36.jpg 36w, https:\/\/costumecoutureberlin.com\/wp-content\/uploads\/2023\/12\/my-concept-costume-couture-berlin--180x180.jpg 180w, https:\/\/costumecoutureberlin.com\/wp-content\/uploads\/2023\/12\/my-concept-costume-couture-berlin--705x705.jpg 705w, https:\/\/costumecoutureberlin.com\/wp-content\/uploads\/2023\/12\/my-concept-costume-couture-berlin--120x120.jpg 120w, https:\/\/costumecoutureberlin.com\/wp-content\/uploads\/2023\/12\/my-concept-costume-couture-berlin--450x450.jpg 450w, https:\/\/costumecoutureberlin.com\/wp-content\/uploads\/2023\/12\/my-concept-costume-couture-berlin--600x600.jpg 600w, https:\/\/costumecoutureberlin.com\/wp-content\/uploads\/2023\/12\/my-concept-costume-couture-berlin--100x100.jpg 100w\" sizes=\"(max-width: 1000px) 100vw, 1000px\" \/><\/div><\/div><\/div><\/p><\/div><div  class='flex_column av-1kahq-a21f22e2d4b77e274356708e5425cffb av_one_half  avia-builder-el-6  el_after_av_one_half  avia-builder-el-last  flex_column_div  column-top-margin'     ><style type=\"text\/css\" data-created_by=\"avia_inline_auto\" id=\"style-css-av-13aau-ea9c9f750b1cc8fa8efa90924277b56a\">\n#top .av_textblock_section.av-13aau-ea9c9f750b1cc8fa8efa90924277b56a .avia_textblock{\nfont-size:16px;\n}\n<\/style>\n<section  class='av_textblock_section av-13aau-ea9c9f750b1cc8fa8efa90924277b56a '   itemscope=\"itemscope\" itemtype=\"https:\/\/schema.org\/CreativeWork\" ><div class='avia_textblock'  itemprop=\"text\" ><h2>Fru\u0308he Anf\u00e4nge<\/h2>\n<p>Im Laufe der letzten Jahrzehnte hat Bettina Marias Arbeit viele Metamorphosen durchlaufen: von den ersten Entwu\u0308rfen reich verzierter Strickstoffe mit hochwertigen Kunstpelzen, handbemalten Seiden und Samten fu\u0308r ihre fru\u0308hen Art To Wear- und High Fashion Kollektionen in Kalifornien bis hin zum Entwurf von Fantasiekostu\u0308men fu\u0308r die B\u00fchne. Au\u00dferdem hat die Modedesignerin eine Reihe minimalistischer schwarz-wei\u00dfer Seidenhemden sowie Basics aus Naturstoffen entworfen.<\/p>\n<h2>Die Inspiration des Tango Argentino<\/h2>\n<p>Die wachsende Popularit\u00e4t des Gesellschaftstanzes inspirierte die Designerin 2004 in Kalifornien zur Erfindung und Gestaltung von &#8222;<a href=\"https:\/\/costumecoutureberlin.com\/de\/kollektionen\/tango-kleider\/\">Tango-Mode<\/a>&#8222;, die sp\u00e4ter zur Gru\u0308ndung des Labels COSTUME COUTURE BERLIN fu\u0308hrte und zu einem Trend fu\u0308r die Kleidung zum Tanzen und fu\u0308r besondere Anl\u00e4sse in Balls\u00e4len auf der ganzen Welt wurde.<\/p>\n<h2>Von der Kunst der Mode zum Herz der Mode<\/h2>\n<p>Bettina Marias Konzept des Modedesigns orientiert sich nicht am modischen Mainstream, sondern bietet im Wesentlichen ein Refugium fu\u0308r Fantasie, um sich in Traumlandschaften von verspielter Romantik, Weiblichkeit und Sinnlichkeit zu begeben, die dennoch fu\u0308r viele Gelegenheiten tragbar und kombinierbar sind. Als Berliner Modedesignerin, die international in einer weitgehend m\u00e4nnlich und profitorientiert dominierten Branche t\u00e4tig ist, nimmt sie die Trends des &#8222;Dictat de la Mode&#8220; als dessen direktes Produkt wahr, das leider oft an dem wirklichen Bedu\u0308rfnis von Frauen vorbeigeht, <a href=\"https:\/\/costumecoutureberlin.com\/de\/kollektionen\/\">individualisierte Mode<\/a> angeboten zu bekommen. Eine Mode, die aus weiblicher Perspektive gesch\u00e4tzt und verstanden wird und den einzigartigen Ausdruck zeitloser Sch\u00f6nheit bedeutet. Eine Mode, die nicht nur die Mystik und Eleganz der Weiblichkeit zum Ausdruck bringt, ungeachtet des Alters, aber auch eine Mode, die den handwerklichen Geist urspr\u00fcnglicher handgefertigter Herstellung von Kleidungsst\u00fccken ehrt und auf individuelle Bed\u00fcrfnisse eingeht.<\/p>\n<h2>Serien aus wieder verwendbaren Materialien<\/h2>\n<p>Bei den von der Modedesignerin verwendeten Materialien handelt es sich oft um diverse Limited Edition Ware aus kleinen bis mittelgro\u00dfen Lagern europ\u00e4ischer und asiatischer Hersteller. Sie versucht zwar, so viel wie m\u00f6glich natu\u0308rliche Stoffe zu verwenden, jedoch entsprechen die F\u00e4rbe- und Veredelungstechniken der Rohmaterialien oft nicht dem erwu\u0308nschten Umweltschutz Standard.<\/p>\n<p>Da ich sie sich den Herausforderungen individueller K\u00f6rpergr\u00f6\u00dfen bewusst ist, bietet sie Stilberatung und pers\u00f6nliches Coaching an. Massgeschneiderte Designs und Schnittmuster sind auf Anfrage erh\u00e4ltlich.<\/p>\n<\/div><\/section><\/div><\/p>\n","protected":false},"excerpt":{"rendered":"","protected":false},"author":1,"featured_media":0,"parent":1490,"menu_order":1,"comment_status":"closed","ping_status":"closed","template":"","meta":{"footnotes":""},"class_list":["post-1493","page","type-page","status-publish","hentry"],"yoast_head":"<!-- This site is optimized with the Yoast SEO plugin v21.3 - https:\/\/yoast.com\/wordpress\/plugins\/seo\/ -->\n<title>Modedesignerin Bettina Maria Fahlbusch: Das Konzept<\/title>\n<meta name=\"description\" content=\"Die Berliner Modedesignerin Bettina Maria orientiert sich nicht am modischen Mainstream, sondern bietet ein Refugium fu\u0308r Fantasie.\" \/>\n<meta name=\"robots\" content=\"index, follow, max-snippet:-1, max-image-preview:large, max-video-preview:-1\" \/>\n<link rel=\"canonical\" href=\"https:\/\/costumecoutureberlin.com\/de\/bettina-maria-fahlbusch-ueber-mich\/modedesignerin-bettina-maria-das-konzept\/\" \/>\n<meta property=\"og:locale\" content=\"de_DE\" \/>\n<meta property=\"og:type\" content=\"article\" \/>\n<meta property=\"og:title\" content=\"Modedesignerin Bettina Maria Fahlbusch: Das Konzept\" \/>\n<meta property=\"og:description\" content=\"Die Berliner Modedesignerin Bettina Maria orientiert sich nicht am modischen Mainstream, sondern bietet ein Refugium fu\u0308r Fantasie.\" \/>\n<meta property=\"og:url\" content=\"https:\/\/costumecoutureberlin.com\/de\/bettina-maria-fahlbusch-ueber-mich\/modedesignerin-bettina-maria-das-konzept\/\" \/>\n<meta property=\"og:site_name\" content=\"Costume Couture Berlin\" \/>\n<meta property=\"article:modified_time\" content=\"2024-05-19T15:56:40+00:00\" \/>\n<meta name=\"twitter:card\" content=\"summary_large_image\" \/>\n<meta name=\"twitter:label1\" content=\"Gesch\u00e4tzte Lesezeit\" \/>\n\t<meta name=\"twitter:data1\" content=\"6\u00a0Minuten\" \/>\n<script type=\"application\/ld+json\" class=\"yoast-schema-graph\">{\"@context\":\"https:\/\/schema.org\",\"@graph\":[{\"@type\":\"WebPage\",\"@id\":\"https:\/\/costumecoutureberlin.com\/de\/bettina-maria-fahlbusch-ueber-mich\/modedesignerin-bettina-maria-das-konzept\/\",\"url\":\"https:\/\/costumecoutureberlin.com\/de\/bettina-maria-fahlbusch-ueber-mich\/modedesignerin-bettina-maria-das-konzept\/\",\"name\":\"Modedesignerin Bettina Maria Fahlbusch: Das Konzept\",\"isPartOf\":{\"@id\":\"https:\/\/costumecoutureberlin.com\/#website\"},\"datePublished\":\"2023-10-09T10:16:10+00:00\",\"dateModified\":\"2024-05-19T15:56:40+00:00\",\"description\":\"Die Berliner Modedesignerin Bettina Maria orientiert sich nicht am modischen Mainstream, sondern bietet ein Refugium fu\u0308r Fantasie.\",\"breadcrumb\":{\"@id\":\"https:\/\/costumecoutureberlin.com\/de\/bettina-maria-fahlbusch-ueber-mich\/modedesignerin-bettina-maria-das-konzept\/#breadcrumb\"},\"inLanguage\":\"de\",\"potentialAction\":[{\"@type\":\"ReadAction\",\"target\":[\"https:\/\/costumecoutureberlin.com\/de\/bettina-maria-fahlbusch-ueber-mich\/modedesignerin-bettina-maria-das-konzept\/\"]}]},{\"@type\":\"BreadcrumbList\",\"@id\":\"https:\/\/costumecoutureberlin.com\/de\/bettina-maria-fahlbusch-ueber-mich\/modedesignerin-bettina-maria-das-konzept\/#breadcrumb\",\"itemListElement\":[{\"@type\":\"ListItem\",\"position\":1,\"name\":\"Startseite\",\"item\":\"https:\/\/costumecoutureberlin.com\/de\/\"},{\"@type\":\"ListItem\",\"position\":2,\"name\":\"\u00dcber mich\",\"item\":\"https:\/\/costumecoutureberlin.com\/de\/bettina-maria-fahlbusch-ueber-mich\/\"},{\"@type\":\"ListItem\",\"position\":3,\"name\":\"Das Konzept\"}]},{\"@type\":\"WebSite\",\"@id\":\"https:\/\/costumecoutureberlin.com\/#website\",\"url\":\"https:\/\/costumecoutureberlin.com\/\",\"name\":\"Costume Couture Berlin\",\"description\":\"Fashion Designer\",\"potentialAction\":[{\"@type\":\"SearchAction\",\"target\":{\"@type\":\"EntryPoint\",\"urlTemplate\":\"https:\/\/costumecoutureberlin.com\/?s={search_term_string}\"},\"query-input\":\"required name=search_term_string\"}],\"inLanguage\":\"de\"}]}<\/script>\n<!-- \/ Yoast SEO plugin. -->","yoast_head_json":{"title":"Modedesignerin Bettina Maria Fahlbusch: Das Konzept","description":"Die Berliner Modedesignerin Bettina Maria orientiert sich nicht am modischen Mainstream, sondern bietet ein Refugium fu\u0308r Fantasie.","robots":{"index":"index","follow":"follow","max-snippet":"max-snippet:-1","max-image-preview":"max-image-preview:large","max-video-preview":"max-video-preview:-1"},"canonical":"https:\/\/costumecoutureberlin.com\/de\/bettina-maria-fahlbusch-ueber-mich\/modedesignerin-bettina-maria-das-konzept\/","og_locale":"de_DE","og_type":"article","og_title":"Modedesignerin Bettina Maria Fahlbusch: Das Konzept","og_description":"Die Berliner Modedesignerin Bettina Maria orientiert sich nicht am modischen Mainstream, sondern bietet ein Refugium fu\u0308r Fantasie.","og_url":"https:\/\/costumecoutureberlin.com\/de\/bettina-maria-fahlbusch-ueber-mich\/modedesignerin-bettina-maria-das-konzept\/","og_site_name":"Costume Couture Berlin","article_modified_time":"2024-05-19T15:56:40+00:00","twitter_card":"summary_large_image","twitter_misc":{"Gesch\u00e4tzte Lesezeit":"6\u00a0Minuten"},"schema":{"@context":"https:\/\/schema.org","@graph":[{"@type":"WebPage","@id":"https:\/\/costumecoutureberlin.com\/de\/bettina-maria-fahlbusch-ueber-mich\/modedesignerin-bettina-maria-das-konzept\/","url":"https:\/\/costumecoutureberlin.com\/de\/bettina-maria-fahlbusch-ueber-mich\/modedesignerin-bettina-maria-das-konzept\/","name":"Modedesignerin Bettina Maria Fahlbusch: Das Konzept","isPartOf":{"@id":"https:\/\/costumecoutureberlin.com\/#website"},"datePublished":"2023-10-09T10:16:10+00:00","dateModified":"2024-05-19T15:56:40+00:00","description":"Die Berliner Modedesignerin Bettina Maria orientiert sich nicht am modischen Mainstream, sondern bietet ein Refugium fu\u0308r Fantasie.","breadcrumb":{"@id":"https:\/\/costumecoutureberlin.com\/de\/bettina-maria-fahlbusch-ueber-mich\/modedesignerin-bettina-maria-das-konzept\/#breadcrumb"},"inLanguage":"de","potentialAction":[{"@type":"ReadAction","target":["https:\/\/costumecoutureberlin.com\/de\/bettina-maria-fahlbusch-ueber-mich\/modedesignerin-bettina-maria-das-konzept\/"]}]},{"@type":"BreadcrumbList","@id":"https:\/\/costumecoutureberlin.com\/de\/bettina-maria-fahlbusch-ueber-mich\/modedesignerin-bettina-maria-das-konzept\/#breadcrumb","itemListElement":[{"@type":"ListItem","position":1,"name":"Startseite","item":"https:\/\/costumecoutureberlin.com\/de\/"},{"@type":"ListItem","position":2,"name":"\u00dcber mich","item":"https:\/\/costumecoutureberlin.com\/de\/bettina-maria-fahlbusch-ueber-mich\/"},{"@type":"ListItem","position":3,"name":"Das Konzept"}]},{"@type":"WebSite","@id":"https:\/\/costumecoutureberlin.com\/#website","url":"https:\/\/costumecoutureberlin.com\/","name":"Costume Couture Berlin","description":"Fashion Designer","potentialAction":[{"@type":"SearchAction","target":{"@type":"EntryPoint","urlTemplate":"https:\/\/costumecoutureberlin.com\/?s={search_term_string}"},"query-input":"required name=search_term_string"}],"inLanguage":"de"}]}},"_links":{"self":[{"href":"https:\/\/costumecoutureberlin.com\/de\/wp-json\/wp\/v2\/pages\/1493","targetHints":{"allow":["GET"]}}],"collection":[{"href":"https:\/\/costumecoutureberlin.com\/de\/wp-json\/wp\/v2\/pages"}],"about":[{"href":"https:\/\/costumecoutureberlin.com\/de\/wp-json\/wp\/v2\/types\/page"}],"author":[{"embeddable":true,"href":"https:\/\/costumecoutureberlin.com\/de\/wp-json\/wp\/v2\/users\/1"}],"replies":[{"embeddable":true,"href":"https:\/\/costumecoutureberlin.com\/de\/wp-json\/wp\/v2\/comments?post=1493"}],"version-history":[{"count":10,"href":"https:\/\/costumecoutureberlin.com\/de\/wp-json\/wp\/v2\/pages\/1493\/revisions"}],"predecessor-version":[{"id":1934,"href":"https:\/\/costumecoutureberlin.com\/de\/wp-json\/wp\/v2\/pages\/1493\/revisions\/1934"}],"up":[{"embeddable":true,"href":"https:\/\/costumecoutureberlin.com\/de\/wp-json\/wp\/v2\/pages\/1490"}],"wp:attachment":[{"href":"https:\/\/costumecoutureberlin.com\/de\/wp-json\/wp\/v2\/media?parent=1493"}],"curies":[{"name":"wp","href":"https:\/\/api.w.org\/{rel}","templated":true}]}}