{"id":1492,"date":"2023-10-09T12:20:44","date_gmt":"2023-10-09T10:20:44","guid":{"rendered":"https:\/\/costumecoutureberlin.com\/?page_id=1492"},"modified":"2024-05-19T17:54:32","modified_gmt":"2024-05-19T15:54:32","slug":"bettina-maria-vita","status":"publish","type":"page","link":"https:\/\/costumecoutureberlin.com\/de\/bettina-maria-fahlbusch-ueber-mich\/bettina-maria-vita\/","title":{"rendered":"Vita"},"content":{"rendered":"<div  class='flex_column av-3hy7g-e3790f04018f5b912a9ce700c2905a76 av_one_full  avia-builder-el-0  el_before_av_one_half  avia-builder-el-first  first flex_column_div  '     ><section  class='av_textblock_section av-lnogskl2-0763d4511f60e0591d7471e44423ffa2 '   itemscope=\"itemscope\" itemtype=\"https:\/\/schema.org\/CreativeWork\" ><div class='avia_textblock'  itemprop=\"text\" ><h1>Vita<\/h1>\n<\/div><\/section><\/div>\n<div  class='flex_column av-25fr8-ef6885ca7bf11bf71cd7bbda1109bf8a av_one_half  avia-builder-el-2  el_after_av_one_full  el_before_av_one_half  first flex_column_div  column-top-margin'     ><p>\n<style type=\"text\/css\" data-created_by=\"avia_inline_auto\" id=\"style-css-av-2u14-f9bf1c38edec92905a8e75b4e44404f8\">\n.avia-image-container.av-2u14-f9bf1c38edec92905a8e75b4e44404f8 img.avia_image{\nbox-shadow:none;\n}\n.avia-image-container.av-2u14-f9bf1c38edec92905a8e75b4e44404f8 .av-image-caption-overlay-center{\ncolor:#ffffff;\n}\n<\/style>\n<div  class='avia-image-container av-2u14-f9bf1c38edec92905a8e75b4e44404f8 av-styling- avia-align-center  avia-builder-el-3  el_before_av_hr  avia-builder-el-first '   itemprop=\"image\" itemscope=\"itemscope\" itemtype=\"https:\/\/schema.org\/ImageObject\" ><div class=\"avia-image-container-inner\"><div class=\"avia-image-overlay-wrap\"><img decoding=\"async\" class='wp-image-1777 avia-img-lazy-loading-not-1777 avia_image ' src=\"https:\/\/costumecoutureberlin.com\/wp-content\/uploads\/2024\/01\/Biography-Costume-Couture-Berlin.jpg\" alt='Bettina Maria Fahlbusch' title='Biography-Costume-Couture-Berlin'  height=\"1000\" width=\"1000\"  itemprop=\"thumbnailUrl\" srcset=\"https:\/\/costumecoutureberlin.com\/wp-content\/uploads\/2024\/01\/Biography-Costume-Couture-Berlin.jpg 1000w, https:\/\/costumecoutureberlin.com\/wp-content\/uploads\/2024\/01\/Biography-Costume-Couture-Berlin-300x300.jpg 300w, https:\/\/costumecoutureberlin.com\/wp-content\/uploads\/2024\/01\/Biography-Costume-Couture-Berlin-80x80.jpg 80w, https:\/\/costumecoutureberlin.com\/wp-content\/uploads\/2024\/01\/Biography-Costume-Couture-Berlin-768x768.jpg 768w, https:\/\/costumecoutureberlin.com\/wp-content\/uploads\/2024\/01\/Biography-Costume-Couture-Berlin-36x36.jpg 36w, https:\/\/costumecoutureberlin.com\/wp-content\/uploads\/2024\/01\/Biography-Costume-Couture-Berlin-180x180.jpg 180w, https:\/\/costumecoutureberlin.com\/wp-content\/uploads\/2024\/01\/Biography-Costume-Couture-Berlin-705x705.jpg 705w, https:\/\/costumecoutureberlin.com\/wp-content\/uploads\/2024\/01\/Biography-Costume-Couture-Berlin-120x120.jpg 120w, https:\/\/costumecoutureberlin.com\/wp-content\/uploads\/2024\/01\/Biography-Costume-Couture-Berlin-450x450.jpg 450w, https:\/\/costumecoutureberlin.com\/wp-content\/uploads\/2024\/01\/Biography-Costume-Couture-Berlin-600x600.jpg 600w, https:\/\/costumecoutureberlin.com\/wp-content\/uploads\/2024\/01\/Biography-Costume-Couture-Berlin-100x100.jpg 100w\" sizes=\"(max-width: 1000px) 100vw, 1000px\" \/><\/div><\/div><\/div><br \/>\n\n<style type=\"text\/css\" data-created_by=\"avia_inline_auto\" id=\"style-css-av-lnojx320-13de3d88bf7a8397a2ec6903291621b6\">\n#top .hr.hr-invisible.av-lnojx320-13de3d88bf7a8397a2ec6903291621b6{\nheight:40px;\n}\n<\/style>\n<div  class='hr av-lnojx320-13de3d88bf7a8397a2ec6903291621b6 hr-invisible  avia-builder-el-4  el_after_av_image  el_before_av_image '><span class='hr-inner '><span class=\"hr-inner-style\"><\/span><\/span><\/div><br \/>\n\n<style type=\"text\/css\" data-created_by=\"avia_inline_auto\" id=\"style-css-av-lnok3d6h-2c52ce5120504c9f5d6d61d438dd465d\">\n.avia-image-container.av-lnok3d6h-2c52ce5120504c9f5d6d61d438dd465d img.avia_image{\nbox-shadow:none;\n}\n.avia-image-container.av-lnok3d6h-2c52ce5120504c9f5d6d61d438dd465d .av-image-caption-overlay-center{\ncolor:#ffffff;\n}\n<\/style>\n<div  class='avia-image-container av-lnok3d6h-2c52ce5120504c9f5d6d61d438dd465d av-styling- avia-align-center  avia-builder-el-5  el_after_av_hr  el_before_av_hr '   itemprop=\"image\" itemscope=\"itemscope\" itemtype=\"https:\/\/schema.org\/ImageObject\" ><div class=\"avia-image-container-inner\"><div class=\"avia-image-overlay-wrap\"><img decoding=\"async\" class='wp-image-1444 avia-img-lazy-loading-not-1444 avia_image ' src=\"https:\/\/costumecoutureberlin.com\/wp-content\/uploads\/2023\/12\/biography-costume-couture-berlin-03.jpg\" alt='' title='biography-costume-couture-berlin-03'  height=\"1000\" width=\"1000\"  itemprop=\"thumbnailUrl\" srcset=\"https:\/\/costumecoutureberlin.com\/wp-content\/uploads\/2023\/12\/biography-costume-couture-berlin-03.jpg 1000w, https:\/\/costumecoutureberlin.com\/wp-content\/uploads\/2023\/12\/biography-costume-couture-berlin-03-300x300.jpg 300w, https:\/\/costumecoutureberlin.com\/wp-content\/uploads\/2023\/12\/biography-costume-couture-berlin-03-80x80.jpg 80w, https:\/\/costumecoutureberlin.com\/wp-content\/uploads\/2023\/12\/biography-costume-couture-berlin-03-768x768.jpg 768w, https:\/\/costumecoutureberlin.com\/wp-content\/uploads\/2023\/12\/biography-costume-couture-berlin-03-36x36.jpg 36w, https:\/\/costumecoutureberlin.com\/wp-content\/uploads\/2023\/12\/biography-costume-couture-berlin-03-180x180.jpg 180w, https:\/\/costumecoutureberlin.com\/wp-content\/uploads\/2023\/12\/biography-costume-couture-berlin-03-705x705.jpg 705w, https:\/\/costumecoutureberlin.com\/wp-content\/uploads\/2023\/12\/biography-costume-couture-berlin-03-120x120.jpg 120w, https:\/\/costumecoutureberlin.com\/wp-content\/uploads\/2023\/12\/biography-costume-couture-berlin-03-450x450.jpg 450w, https:\/\/costumecoutureberlin.com\/wp-content\/uploads\/2023\/12\/biography-costume-couture-berlin-03-600x600.jpg 600w, https:\/\/costumecoutureberlin.com\/wp-content\/uploads\/2023\/12\/biography-costume-couture-berlin-03-100x100.jpg 100w\" sizes=\"(max-width: 1000px) 100vw, 1000px\" \/><\/div><\/div><\/div><br \/>\n\n<style type=\"text\/css\" data-created_by=\"avia_inline_auto\" id=\"style-css-av-lnok5zrk-39a5792b89e3278157cf65a888b08808\">\n#top .hr.hr-invisible.av-lnok5zrk-39a5792b89e3278157cf65a888b08808{\nheight:40px;\n}\n<\/style>\n<div  class='hr av-lnok5zrk-39a5792b89e3278157cf65a888b08808 hr-invisible  avia-builder-el-6  el_after_av_image  el_before_av_image '><span class='hr-inner '><span class=\"hr-inner-style\"><\/span><\/span><\/div><br \/>\n\n<style type=\"text\/css\" data-created_by=\"avia_inline_auto\" id=\"style-css-av-lnojv9yk-c963dc622d40411f8ce7eaf034b21670\">\n.avia-image-container.av-lnojv9yk-c963dc622d40411f8ce7eaf034b21670 img.avia_image{\nbox-shadow:none;\n}\n.avia-image-container.av-lnojv9yk-c963dc622d40411f8ce7eaf034b21670 .av-image-caption-overlay-center{\ncolor:#ffffff;\n}\n<\/style>\n<div  class='avia-image-container av-lnojv9yk-c963dc622d40411f8ce7eaf034b21670 av-styling- avia-align-center  avia-builder-el-7  el_after_av_hr  avia-builder-el-last '   itemprop=\"image\" itemscope=\"itemscope\" itemtype=\"https:\/\/schema.org\/ImageObject\" ><div class=\"avia-image-container-inner\"><div class=\"avia-image-overlay-wrap\"><img decoding=\"async\" class='wp-image-1443 avia-img-lazy-loading-not-1443 avia_image ' src=\"https:\/\/costumecoutureberlin.com\/wp-content\/uploads\/2023\/12\/biography-costume-couture-berlin-.jpg\" alt='Bettina Maria Fahlbusch - in Berlin zu Hause' title='biography-costume-couture-berlin-'  height=\"1000\" width=\"1000\"  itemprop=\"thumbnailUrl\" srcset=\"https:\/\/costumecoutureberlin.com\/wp-content\/uploads\/2023\/12\/biography-costume-couture-berlin-.jpg 1000w, https:\/\/costumecoutureberlin.com\/wp-content\/uploads\/2023\/12\/biography-costume-couture-berlin--300x300.jpg 300w, https:\/\/costumecoutureberlin.com\/wp-content\/uploads\/2023\/12\/biography-costume-couture-berlin--80x80.jpg 80w, https:\/\/costumecoutureberlin.com\/wp-content\/uploads\/2023\/12\/biography-costume-couture-berlin--768x768.jpg 768w, https:\/\/costumecoutureberlin.com\/wp-content\/uploads\/2023\/12\/biography-costume-couture-berlin--36x36.jpg 36w, https:\/\/costumecoutureberlin.com\/wp-content\/uploads\/2023\/12\/biography-costume-couture-berlin--180x180.jpg 180w, https:\/\/costumecoutureberlin.com\/wp-content\/uploads\/2023\/12\/biography-costume-couture-berlin--705x705.jpg 705w, https:\/\/costumecoutureberlin.com\/wp-content\/uploads\/2023\/12\/biography-costume-couture-berlin--120x120.jpg 120w, https:\/\/costumecoutureberlin.com\/wp-content\/uploads\/2023\/12\/biography-costume-couture-berlin--450x450.jpg 450w, https:\/\/costumecoutureberlin.com\/wp-content\/uploads\/2023\/12\/biography-costume-couture-berlin--600x600.jpg 600w, https:\/\/costumecoutureberlin.com\/wp-content\/uploads\/2023\/12\/biography-costume-couture-berlin--100x100.jpg 100w\" sizes=\"(max-width: 1000px) 100vw, 1000px\" \/><\/div><\/div><\/div><\/p><\/div><div  class='flex_column av-1b5pk-b5da767e13bd6f5af7c6edab638fc08f av_one_half  avia-builder-el-8  el_after_av_one_half  el_before_av_one_full  flex_column_div  column-top-margin'     ><style type=\"text\/css\" data-created_by=\"avia_inline_auto\" id=\"style-css-av-lnoii1g0-10eadd9fedeffdb43f42950ddd93ea28\">\n#top .av_textblock_section.av-lnoii1g0-10eadd9fedeffdb43f42950ddd93ea28 .avia_textblock{\nfont-size:16px;\n}\n<\/style>\n<section  class='av_textblock_section av-lnoii1g0-10eadd9fedeffdb43f42950ddd93ea28 '   itemscope=\"itemscope\" itemtype=\"https:\/\/schema.org\/CreativeWork\" ><div class='avia_textblock'  itemprop=\"text\" ><p>BETTINA MARIA ist eine in Deutschland geborene Modedesignerin, die seit den fru\u0308hen 90er Jahren einzigartige Mode fu\u0308r Damen entwirft. Sie emigrierte in die USA, als sie in San Francisco, California Modedesign studierte. Zun\u00e4chst experimentierte sie mit Oberfl\u00e4chendesign, Strickwaren und handbemalten hochwertigen Seiden und Samten und gru\u0308ndete ihr eigenes Label BETTINA MARIA.<\/p>\n<h2>San Francisco, New York, Chicago&#8230;<\/h2>\n<p>Bettina Marias opulente Kollektionen wurden bei der PACIFIC DESIGNER COLLECTION SHOW auf der New York Fashion Week, bei der SOFA Show in Chicago und der ONE OF A KIND SHOW in Chicago, den AMERICAN CRAFT COUNCIL FAIRS in Baltimore, Atlanta und San Francisco sowie in ihrer eigenen Boutique COUTURISMA in Mill Valley, Kalifornien, gezeigt. Ihre Arbeiten wurden bei BERGDORF GOODMAN und in high-end Boutiquen in Amerika ausgestellt. Im Jahre 2016 gewann sie den &#8222;Award of Excellence&#8220; als &#8222;Best in Art To Wear of America&#8220; bei der renommierten PHILADELPHIA MUSEUM OF ART CRAFT SHOW.<\/p>\n<h2>Buenos Aires, Argentinien<\/h2>\n<p>Ihr Weg \u00e4nderte sich dramatisch, als sie im Umfeld von Avantgarde Art To Wear in Amerika lebte und die pulsierende Kultur und den ku\u0308nstlerischen Ausdruck des fru\u0308hen Tango Argentino entdeckte. Die Designerin war auf der Suche nach einer interessanten Zweitkollektion neben ihrer high-end Mode, als sie w\u00e4hrend ihrer ersten Reise nach Buenos Aires Anfang 2000 eine vielversprechende Nische im Markt erkannte. Ihre urspru\u0308ngliche Leidenschaft, fu\u0308r die Bu\u0308hne zu entwerfen, inspirierte sie dazu, eine Modekollektion fu\u0308r Tango Argentino zu entwerfen. Ihre erste Kollektion &#8222;MODAS DE TANGO&#8220; war eine Mischung aus zeitgen\u00f6ssischem Flair der Boh\u00e8mian Westku\u0308ste und der Eleganz europ\u00e4ischen Couture. Der Umzug nach Buenos Aires im Jahr 2007 erm\u00f6glichte es ihr, drei Jahre lang dem Stress st\u00e4ndiger Termine und hoher Kosten zu entfliehen, um vollst\u00e4ndig in den Tango und dessen reiche lebendige Kultur einzutauchen und etwas Einzigartiges zu entwickeln, was ihre zuku\u0308nftige Richtung stark beeinflussen wu\u0308rde. Die kleinen Handwerksbetriebe in Buenos Aires mit ihren oft europ\u00e4ischen Wurzeln entsprachen viel mehr ihrer\u00a0 Ausbildung und Liebe zu traditionellen europ\u00e4ischen Schneidereien als die Welt der Massenmode in Amerika.<\/p>\n<h2>Gr\u00f6\u00dfer ist nicht unbedingt besser<\/h2>\n<p>W\u00e4hrend sie ihr Gro\u00dfhandelsgesch\u00e4ft in den Vereinigten Staaten aufbaute, hatte Bettina Maria gelernt, dass gr\u00f6\u00dfer nicht unbedingt besser ist. Denn sie war sich der Kosten der Massenproduktion von Mode, des Stresses, den diese fu\u0308r die Designer bedeutet, und der verheerenden Auswirkungen auf die Umwelt bewusst. Nachdem sie Sweatshops in Indonesien und sogar in St\u00e4dten wie San Francisco und Los Angeles gesehen hatte, schwor sie sich, niemals auf diese Weise fu\u0308r Profit zu produzieren.<\/p>\n<h2>Traditionelle europ\u00e4ische Schneiderei<\/h2>\n<p>Heute hei\u00dft die Marke COSTUME COUTURE BERLIN und Bettina Marias <a href=\"https:\/\/costumecoutureberlin.com\/de\/kollektionen\/\">Kollektionen<\/a> entstehen in ihrem <a href=\"https:\/\/costumecoutureberlin.com\/de\/bettina-maria-fahlbusch-ueber-mich\/atelier\/\">Atelier<\/a> in Berlin, Deutschland. Dort wird jedes Muster zun\u00e4chst auf die Figur drapiert, unter Beru\u0308cksichtigung der Drapierf\u00e4higkeit des Stoffes und seiner Funktionalit\u00e4t fu\u0308r die Bewegungen des Tanzes, bevor es individuell zugeschnitten und im traditionellen Stil einer europ\u00e4ischen Schneiderei gen\u00e4ht wird. Aus Prinzip glaubt sie daran, dass es wichtig ist, die Tradition der europ\u00e4ischen Handwerkskunst am Leben zu erhalten und Stoffreste zu neuen, einzigartigen Designs zu recyceln.<\/p>\n<h2>Bettina Maria beim Tanz um die Welt<\/h2>\n<p>&#8222;COSTUME COUTURE BERLIN&#8220; war auf gro\u00dfen Tango-Veranstaltungen in Buenos Aires, Europa und den Vereinigten Staaten von Amerika zu sehen und hat Privatkunden in vielen Teilen der Welt: von San Francisco, Los Angeles, New York bis Hongkong, Tokio, Perth, Melbourne, Kapstadt, Rio de Janeiro, Buenos Aires, Oslo, Kopenhagen, Rom, Mailand, Paris, London, Wien bis Berlin. Es ist eine besondere Freude fu\u0308r sie zu wissen, dass ihre Mode auf vielen besonderen Anl\u00e4ssen in der ganzen Welt weiter tanzt.<\/p>\n<\/div><\/section><\/div><div  class='flex_column av-tqh0-d61d7dbb11f1efa6041fbbf930a8bad8 av_one_full  avia-builder-el-10  el_after_av_one_half  avia-builder-el-last  first flex_column_div  column-top-margin'     ><\/div><\/p>\n","protected":false},"excerpt":{"rendered":"","protected":false},"author":1,"featured_media":0,"parent":1490,"menu_order":0,"comment_status":"closed","ping_status":"closed","template":"","meta":{"footnotes":""},"class_list":["post-1492","page","type-page","status-publish","hentry"],"yoast_head":"<!-- This site is optimized with the Yoast SEO plugin v21.3 - https:\/\/yoast.com\/wordpress\/plugins\/seo\/ -->\n<title>Bettina Maria: Vita - Costume Couture Berlin<\/title>\n<meta name=\"description\" content=\"Bettina Maria ist eine Berliner Modedesignerin, die ihre Laufbahn in den USA begonnen hat. Erfahre mehr \u00fcber die spannende Vita der K\u00fcnstlerin\" \/>\n<meta name=\"robots\" content=\"index, follow, max-snippet:-1, max-image-preview:large, max-video-preview:-1\" \/>\n<link rel=\"canonical\" href=\"https:\/\/costumecoutureberlin.com\/de\/bettina-maria-fahlbusch-ueber-mich\/bettina-maria-vita\/\" \/>\n<meta property=\"og:locale\" content=\"de_DE\" \/>\n<meta property=\"og:type\" content=\"article\" \/>\n<meta property=\"og:title\" content=\"Bettina Maria: Vita - Costume Couture Berlin\" \/>\n<meta property=\"og:description\" content=\"Bettina Maria ist eine Berliner Modedesignerin, die ihre Laufbahn in den USA begonnen hat. Erfahre mehr \u00fcber die spannende Vita der K\u00fcnstlerin\" \/>\n<meta property=\"og:url\" content=\"https:\/\/costumecoutureberlin.com\/de\/bettina-maria-fahlbusch-ueber-mich\/bettina-maria-vita\/\" \/>\n<meta property=\"og:site_name\" content=\"Costume Couture Berlin\" \/>\n<meta property=\"article:modified_time\" content=\"2024-05-19T15:54:32+00:00\" \/>\n<meta name=\"twitter:card\" content=\"summary_large_image\" \/>\n<meta name=\"twitter:label1\" content=\"Gesch\u00e4tzte Lesezeit\" \/>\n\t<meta name=\"twitter:data1\" content=\"9\u00a0Minuten\" \/>\n<script type=\"application\/ld+json\" class=\"yoast-schema-graph\">{\"@context\":\"https:\/\/schema.org\",\"@graph\":[{\"@type\":\"WebPage\",\"@id\":\"https:\/\/costumecoutureberlin.com\/de\/bettina-maria-fahlbusch-ueber-mich\/bettina-maria-vita\/\",\"url\":\"https:\/\/costumecoutureberlin.com\/de\/bettina-maria-fahlbusch-ueber-mich\/bettina-maria-vita\/\",\"name\":\"Bettina Maria: Vita - Costume Couture Berlin\",\"isPartOf\":{\"@id\":\"https:\/\/costumecoutureberlin.com\/#website\"},\"datePublished\":\"2023-10-09T10:20:44+00:00\",\"dateModified\":\"2024-05-19T15:54:32+00:00\",\"description\":\"Bettina Maria ist eine Berliner Modedesignerin, die ihre Laufbahn in den USA begonnen hat. Erfahre mehr \u00fcber die spannende Vita der K\u00fcnstlerin\",\"breadcrumb\":{\"@id\":\"https:\/\/costumecoutureberlin.com\/de\/bettina-maria-fahlbusch-ueber-mich\/bettina-maria-vita\/#breadcrumb\"},\"inLanguage\":\"de\",\"potentialAction\":[{\"@type\":\"ReadAction\",\"target\":[\"https:\/\/costumecoutureberlin.com\/de\/bettina-maria-fahlbusch-ueber-mich\/bettina-maria-vita\/\"]}]},{\"@type\":\"BreadcrumbList\",\"@id\":\"https:\/\/costumecoutureberlin.com\/de\/bettina-maria-fahlbusch-ueber-mich\/bettina-maria-vita\/#breadcrumb\",\"itemListElement\":[{\"@type\":\"ListItem\",\"position\":1,\"name\":\"Startseite\",\"item\":\"https:\/\/costumecoutureberlin.com\/de\/\"},{\"@type\":\"ListItem\",\"position\":2,\"name\":\"\u00dcber mich\",\"item\":\"https:\/\/costumecoutureberlin.com\/de\/bettina-maria-fahlbusch-ueber-mich\/\"},{\"@type\":\"ListItem\",\"position\":3,\"name\":\"Vita\"}]},{\"@type\":\"WebSite\",\"@id\":\"https:\/\/costumecoutureberlin.com\/#website\",\"url\":\"https:\/\/costumecoutureberlin.com\/\",\"name\":\"Costume Couture Berlin\",\"description\":\"Fashion Designer\",\"potentialAction\":[{\"@type\":\"SearchAction\",\"target\":{\"@type\":\"EntryPoint\",\"urlTemplate\":\"https:\/\/costumecoutureberlin.com\/?s={search_term_string}\"},\"query-input\":\"required name=search_term_string\"}],\"inLanguage\":\"de\"}]}<\/script>\n<!-- \/ Yoast SEO plugin. -->","yoast_head_json":{"title":"Bettina Maria: Vita - Costume Couture Berlin","description":"Bettina Maria ist eine Berliner Modedesignerin, die ihre Laufbahn in den USA begonnen hat. Erfahre mehr \u00fcber die spannende Vita der K\u00fcnstlerin","robots":{"index":"index","follow":"follow","max-snippet":"max-snippet:-1","max-image-preview":"max-image-preview:large","max-video-preview":"max-video-preview:-1"},"canonical":"https:\/\/costumecoutureberlin.com\/de\/bettina-maria-fahlbusch-ueber-mich\/bettina-maria-vita\/","og_locale":"de_DE","og_type":"article","og_title":"Bettina Maria: Vita - Costume Couture Berlin","og_description":"Bettina Maria ist eine Berliner Modedesignerin, die ihre Laufbahn in den USA begonnen hat. Erfahre mehr \u00fcber die spannende Vita der K\u00fcnstlerin","og_url":"https:\/\/costumecoutureberlin.com\/de\/bettina-maria-fahlbusch-ueber-mich\/bettina-maria-vita\/","og_site_name":"Costume Couture Berlin","article_modified_time":"2024-05-19T15:54:32+00:00","twitter_card":"summary_large_image","twitter_misc":{"Gesch\u00e4tzte Lesezeit":"9\u00a0Minuten"},"schema":{"@context":"https:\/\/schema.org","@graph":[{"@type":"WebPage","@id":"https:\/\/costumecoutureberlin.com\/de\/bettina-maria-fahlbusch-ueber-mich\/bettina-maria-vita\/","url":"https:\/\/costumecoutureberlin.com\/de\/bettina-maria-fahlbusch-ueber-mich\/bettina-maria-vita\/","name":"Bettina Maria: Vita - Costume Couture Berlin","isPartOf":{"@id":"https:\/\/costumecoutureberlin.com\/#website"},"datePublished":"2023-10-09T10:20:44+00:00","dateModified":"2024-05-19T15:54:32+00:00","description":"Bettina Maria ist eine Berliner Modedesignerin, die ihre Laufbahn in den USA begonnen hat. Erfahre mehr \u00fcber die spannende Vita der K\u00fcnstlerin","breadcrumb":{"@id":"https:\/\/costumecoutureberlin.com\/de\/bettina-maria-fahlbusch-ueber-mich\/bettina-maria-vita\/#breadcrumb"},"inLanguage":"de","potentialAction":[{"@type":"ReadAction","target":["https:\/\/costumecoutureberlin.com\/de\/bettina-maria-fahlbusch-ueber-mich\/bettina-maria-vita\/"]}]},{"@type":"BreadcrumbList","@id":"https:\/\/costumecoutureberlin.com\/de\/bettina-maria-fahlbusch-ueber-mich\/bettina-maria-vita\/#breadcrumb","itemListElement":[{"@type":"ListItem","position":1,"name":"Startseite","item":"https:\/\/costumecoutureberlin.com\/de\/"},{"@type":"ListItem","position":2,"name":"\u00dcber mich","item":"https:\/\/costumecoutureberlin.com\/de\/bettina-maria-fahlbusch-ueber-mich\/"},{"@type":"ListItem","position":3,"name":"Vita"}]},{"@type":"WebSite","@id":"https:\/\/costumecoutureberlin.com\/#website","url":"https:\/\/costumecoutureberlin.com\/","name":"Costume Couture Berlin","description":"Fashion Designer","potentialAction":[{"@type":"SearchAction","target":{"@type":"EntryPoint","urlTemplate":"https:\/\/costumecoutureberlin.com\/?s={search_term_string}"},"query-input":"required name=search_term_string"}],"inLanguage":"de"}]}},"_links":{"self":[{"href":"https:\/\/costumecoutureberlin.com\/de\/wp-json\/wp\/v2\/pages\/1492","targetHints":{"allow":["GET"]}}],"collection":[{"href":"https:\/\/costumecoutureberlin.com\/de\/wp-json\/wp\/v2\/pages"}],"about":[{"href":"https:\/\/costumecoutureberlin.com\/de\/wp-json\/wp\/v2\/types\/page"}],"author":[{"embeddable":true,"href":"https:\/\/costumecoutureberlin.com\/de\/wp-json\/wp\/v2\/users\/1"}],"replies":[{"embeddable":true,"href":"https:\/\/costumecoutureberlin.com\/de\/wp-json\/wp\/v2\/comments?post=1492"}],"version-history":[{"count":10,"href":"https:\/\/costumecoutureberlin.com\/de\/wp-json\/wp\/v2\/pages\/1492\/revisions"}],"predecessor-version":[{"id":1933,"href":"https:\/\/costumecoutureberlin.com\/de\/wp-json\/wp\/v2\/pages\/1492\/revisions\/1933"}],"up":[{"embeddable":true,"href":"https:\/\/costumecoutureberlin.com\/de\/wp-json\/wp\/v2\/pages\/1490"}],"wp:attachment":[{"href":"https:\/\/costumecoutureberlin.com\/de\/wp-json\/wp\/v2\/media?parent=1492"}],"curies":[{"name":"wp","href":"https:\/\/api.w.org\/{rel}","templated":true}]}}