{"id":1490,"date":"2023-10-09T12:14:45","date_gmt":"2023-10-09T10:14:45","guid":{"rendered":"https:\/\/costumecoutureberlin.com\/?page_id=1490"},"modified":"2024-05-19T17:32:55","modified_gmt":"2024-05-19T15:32:55","slug":"bettina-maria-fahlbusch-ueber-mich","status":"publish","type":"page","link":"https:\/\/costumecoutureberlin.com\/de\/bettina-maria-fahlbusch-ueber-mich\/","title":{"rendered":"\u00dcber mich"},"content":{"rendered":"<div id='full_slider_1'  class='avia-fullwidth-slider main_color avia-shadow   avia-builder-el-0  el_before_av_one_full  avia-builder-el-first   container_wrap fullsize'  ><div  class='avia-slideshow av-lq6pj78l-1528543f931cebc01930b1c97403a4ed avia-slideshow-no scaling av_slideshow_full avia-slide-slider av-slideshow-ui av-control-default av-slideshow-manual av-loop-once av-loop-manual-endless av-default-height-applied   avia-slideshow-1' data-slideshow-options=\"{&quot;animation&quot;:&quot;slide&quot;,&quot;autoplay&quot;:false,&quot;loop_autoplay&quot;:&quot;once&quot;,&quot;interval&quot;:5,&quot;loop_manual&quot;:&quot;manual-endless&quot;,&quot;autoplay_stopper&quot;:false,&quot;noNavigation&quot;:false,&quot;bg_slider&quot;:false,&quot;keep_padding&quot;:false,&quot;hoverpause&quot;:false,&quot;show_slide_delay&quot;:0}\"  itemprop=\"image\" itemscope=\"itemscope\" itemtype=\"https:\/\/schema.org\/ImageObject\" ><ul class='avia-slideshow-inner ' style='padding-bottom: 58.25%;'><li  class='avia-slideshow-slide av-lq6pj78l-1528543f931cebc01930b1c97403a4ed__0  av-single-slide slide-1 slide-odd'><div data-rel='slideshow-1' class='avia-slide-wrap '   ><img decoding=\"async\" class=\"wp-image-1449 avia-img-lazy-loading-not-1449\"  src=\"https:\/\/costumecoutureberlin.com\/wp-content\/uploads\/2023\/12\/about-costume-couture-berlin-02.jpg\" width=\"1200\" height=\"699\" title='about-costume-couture-berlin-02' alt=''  itemprop=\"thumbnailUrl\" srcset=\"https:\/\/costumecoutureberlin.com\/wp-content\/uploads\/2023\/12\/about-costume-couture-berlin-02.jpg 1200w, https:\/\/costumecoutureberlin.com\/wp-content\/uploads\/2023\/12\/about-costume-couture-berlin-02-300x175.jpg 300w, https:\/\/costumecoutureberlin.com\/wp-content\/uploads\/2023\/12\/about-costume-couture-berlin-02-1030x600.jpg 1030w, https:\/\/costumecoutureberlin.com\/wp-content\/uploads\/2023\/12\/about-costume-couture-berlin-02-768x447.jpg 768w, https:\/\/costumecoutureberlin.com\/wp-content\/uploads\/2023\/12\/about-costume-couture-berlin-02-705x411.jpg 705w, https:\/\/costumecoutureberlin.com\/wp-content\/uploads\/2023\/12\/about-costume-couture-berlin-02-450x262.jpg 450w, https:\/\/costumecoutureberlin.com\/wp-content\/uploads\/2023\/12\/about-costume-couture-berlin-02-600x350.jpg 600w\" sizes=\"(max-width: 1200px) 100vw, 1200px\" \/><\/div><\/li><\/ul><\/div><\/div><div id='after_full_slider_1'  class='main_color av_default_container_wrap container_wrap fullsize'  ><div class='container av-section-cont-open' ><div class='template-page content  av-content-full alpha units'><div class='post-entry post-entry-type-page post-entry-1490'><div class='entry-content-wrapper clearfix'>\n<div  class='flex_column av-r5ey-4d5e3c30be6fc7c77d37852d22b13b9a av_one_full  avia-builder-el-1  el_after_av_slideshow_full  el_before_av_textblock  avia-builder-el-first  first flex_column_div  '     ><section  class='av_textblock_section av-lnogo518-e6a778a55ee41dc52cb0999ebf900834 '   itemscope=\"itemscope\" itemtype=\"https:\/\/schema.org\/CreativeWork\" ><div class='avia_textblock'  itemprop=\"text\" ><h1>\u00dcber mich<\/h1>\n<\/div><\/section><\/div>\n\n<style type=\"text\/css\" data-created_by=\"avia_inline_auto\" id=\"style-css-av-lnogl0n4-95ba880a3bee3f4dddd71ea04fe708af\">\n#top .av_textblock_section.av-lnogl0n4-95ba880a3bee3f4dddd71ea04fe708af .avia_textblock{\nfont-size:13px;\n}\n<\/style>\n<section  class='av_textblock_section av-lnogl0n4-95ba880a3bee3f4dddd71ea04fe708af '   itemscope=\"itemscope\" itemtype=\"https:\/\/schema.org\/CreativeWork\" ><div class='avia_textblock'  itemprop=\"text\" ><blockquote>\n<p>&#8222;Meine Mode ist der Kunst und Tradition handgefertigter Couture gewidmet.<br \/>\nSch\u00f6nheit, Eleganz und feminine Mystik sind nie &#8222;in&#8220; oder &#8222;out&#8220;. Sie ist zeitlos, individuell und immer wieder bezaubernd.<\/p>\n<p>. . . mir wurde oft gesagt, dass meiner Mode ein Hauch von vergessenen, vergangenen Zeiten innewohnt . . . von russischen M\u00e4rchen und Prinzessinnen, von den Mythen und Mysterien des K\u00f6rperschmucks von der alten Geschichte bis hin zur zeitgen\u00f6ssischen Couture.<\/p>\n<p>Wenn meine Kundinnen die Mode tragen, die ich fu\u0308r sie entwerfe, scheinen sie in diese anderen Welten von Sch\u00f6nheit, Fantasie und Eleganz einzutauchen. Die Funktion meiner Kleider ist es, spielerische Vorstellungskraft und Ausdruck von Sch\u00f6nheit zu inspirieren.&#8220;<\/p>\n<\/blockquote>\n<p><b><\/b><br \/>\nBettina Maria Fahlbusch<\/p>\n<\/div><\/section>\n","protected":false},"excerpt":{"rendered":"","protected":false},"author":1,"featured_media":0,"parent":0,"menu_order":0,"comment_status":"closed","ping_status":"closed","template":"","meta":{"footnotes":""},"class_list":["post-1490","page","type-page","status-publish","hentry"],"yoast_head":"<!-- This site is optimized with the Yoast SEO plugin v21.3 - https:\/\/yoast.com\/wordpress\/plugins\/seo\/ -->\n<title>Bettina Maria Fahlbusch - \u00dcber mich - Costume Couture Berlin<\/title>\n<meta name=\"description\" content=\"Bettina Maria Fahlbusch: Meine Mode ist der Tradition handgefertigter Couture gewidmet und verbindet Sch\u00f6nheit, Eleganz &amp; feminine Mystik.\" \/>\n<meta name=\"robots\" content=\"index, follow, max-snippet:-1, max-image-preview:large, max-video-preview:-1\" \/>\n<link rel=\"canonical\" href=\"https:\/\/costumecoutureberlin.com\/de\/bettina-maria-fahlbusch-ueber-mich\/\" \/>\n<meta property=\"og:locale\" content=\"de_DE\" \/>\n<meta property=\"og:type\" content=\"article\" \/>\n<meta property=\"og:title\" content=\"Bettina Maria Fahlbusch - \u00dcber mich - Costume Couture Berlin\" \/>\n<meta property=\"og:description\" content=\"Bettina Maria Fahlbusch: Meine Mode ist der Tradition handgefertigter Couture gewidmet und verbindet Sch\u00f6nheit, Eleganz &amp; feminine Mystik.\" \/>\n<meta property=\"og:url\" content=\"https:\/\/costumecoutureberlin.com\/de\/bettina-maria-fahlbusch-ueber-mich\/\" \/>\n<meta property=\"og:site_name\" content=\"Costume Couture Berlin\" \/>\n<meta property=\"article:modified_time\" content=\"2024-05-19T15:32:55+00:00\" \/>\n<meta name=\"twitter:card\" content=\"summary_large_image\" \/>\n<meta name=\"twitter:label1\" content=\"Gesch\u00e4tzte Lesezeit\" \/>\n\t<meta name=\"twitter:data1\" content=\"2\u00a0Minuten\" \/>\n<script type=\"application\/ld+json\" class=\"yoast-schema-graph\">{\"@context\":\"https:\/\/schema.org\",\"@graph\":[{\"@type\":\"WebPage\",\"@id\":\"https:\/\/costumecoutureberlin.com\/de\/bettina-maria-fahlbusch-ueber-mich\/\",\"url\":\"https:\/\/costumecoutureberlin.com\/de\/bettina-maria-fahlbusch-ueber-mich\/\",\"name\":\"Bettina Maria Fahlbusch - \u00dcber mich - Costume Couture Berlin\",\"isPartOf\":{\"@id\":\"https:\/\/costumecoutureberlin.com\/#website\"},\"datePublished\":\"2023-10-09T10:14:45+00:00\",\"dateModified\":\"2024-05-19T15:32:55+00:00\",\"description\":\"Bettina Maria Fahlbusch: Meine Mode ist der Tradition handgefertigter Couture gewidmet und verbindet Sch\u00f6nheit, Eleganz & feminine Mystik.\",\"breadcrumb\":{\"@id\":\"https:\/\/costumecoutureberlin.com\/de\/bettina-maria-fahlbusch-ueber-mich\/#breadcrumb\"},\"inLanguage\":\"de\",\"potentialAction\":[{\"@type\":\"ReadAction\",\"target\":[\"https:\/\/costumecoutureberlin.com\/de\/bettina-maria-fahlbusch-ueber-mich\/\"]}]},{\"@type\":\"BreadcrumbList\",\"@id\":\"https:\/\/costumecoutureberlin.com\/de\/bettina-maria-fahlbusch-ueber-mich\/#breadcrumb\",\"itemListElement\":[{\"@type\":\"ListItem\",\"position\":1,\"name\":\"Startseite\",\"item\":\"https:\/\/costumecoutureberlin.com\/de\/\"},{\"@type\":\"ListItem\",\"position\":2,\"name\":\"\u00dcber mich\"}]},{\"@type\":\"WebSite\",\"@id\":\"https:\/\/costumecoutureberlin.com\/#website\",\"url\":\"https:\/\/costumecoutureberlin.com\/\",\"name\":\"Costume Couture Berlin\",\"description\":\"Fashion Designer\",\"potentialAction\":[{\"@type\":\"SearchAction\",\"target\":{\"@type\":\"EntryPoint\",\"urlTemplate\":\"https:\/\/costumecoutureberlin.com\/?s={search_term_string}\"},\"query-input\":\"required name=search_term_string\"}],\"inLanguage\":\"de\"}]}<\/script>\n<!-- \/ Yoast SEO plugin. -->","yoast_head_json":{"title":"Bettina Maria Fahlbusch - \u00dcber mich - Costume Couture Berlin","description":"Bettina Maria Fahlbusch: Meine Mode ist der Tradition handgefertigter Couture gewidmet und verbindet Sch\u00f6nheit, Eleganz & feminine Mystik.","robots":{"index":"index","follow":"follow","max-snippet":"max-snippet:-1","max-image-preview":"max-image-preview:large","max-video-preview":"max-video-preview:-1"},"canonical":"https:\/\/costumecoutureberlin.com\/de\/bettina-maria-fahlbusch-ueber-mich\/","og_locale":"de_DE","og_type":"article","og_title":"Bettina Maria Fahlbusch - \u00dcber mich - Costume Couture Berlin","og_description":"Bettina Maria Fahlbusch: Meine Mode ist der Tradition handgefertigter Couture gewidmet und verbindet Sch\u00f6nheit, Eleganz & feminine Mystik.","og_url":"https:\/\/costumecoutureberlin.com\/de\/bettina-maria-fahlbusch-ueber-mich\/","og_site_name":"Costume Couture Berlin","article_modified_time":"2024-05-19T15:32:55+00:00","twitter_card":"summary_large_image","twitter_misc":{"Gesch\u00e4tzte Lesezeit":"2\u00a0Minuten"},"schema":{"@context":"https:\/\/schema.org","@graph":[{"@type":"WebPage","@id":"https:\/\/costumecoutureberlin.com\/de\/bettina-maria-fahlbusch-ueber-mich\/","url":"https:\/\/costumecoutureberlin.com\/de\/bettina-maria-fahlbusch-ueber-mich\/","name":"Bettina Maria Fahlbusch - \u00dcber mich - Costume Couture Berlin","isPartOf":{"@id":"https:\/\/costumecoutureberlin.com\/#website"},"datePublished":"2023-10-09T10:14:45+00:00","dateModified":"2024-05-19T15:32:55+00:00","description":"Bettina Maria Fahlbusch: Meine Mode ist der Tradition handgefertigter Couture gewidmet und verbindet Sch\u00f6nheit, Eleganz & feminine Mystik.","breadcrumb":{"@id":"https:\/\/costumecoutureberlin.com\/de\/bettina-maria-fahlbusch-ueber-mich\/#breadcrumb"},"inLanguage":"de","potentialAction":[{"@type":"ReadAction","target":["https:\/\/costumecoutureberlin.com\/de\/bettina-maria-fahlbusch-ueber-mich\/"]}]},{"@type":"BreadcrumbList","@id":"https:\/\/costumecoutureberlin.com\/de\/bettina-maria-fahlbusch-ueber-mich\/#breadcrumb","itemListElement":[{"@type":"ListItem","position":1,"name":"Startseite","item":"https:\/\/costumecoutureberlin.com\/de\/"},{"@type":"ListItem","position":2,"name":"\u00dcber mich"}]},{"@type":"WebSite","@id":"https:\/\/costumecoutureberlin.com\/#website","url":"https:\/\/costumecoutureberlin.com\/","name":"Costume Couture Berlin","description":"Fashion Designer","potentialAction":[{"@type":"SearchAction","target":{"@type":"EntryPoint","urlTemplate":"https:\/\/costumecoutureberlin.com\/?s={search_term_string}"},"query-input":"required name=search_term_string"}],"inLanguage":"de"}]}},"_links":{"self":[{"href":"https:\/\/costumecoutureberlin.com\/de\/wp-json\/wp\/v2\/pages\/1490","targetHints":{"allow":["GET"]}}],"collection":[{"href":"https:\/\/costumecoutureberlin.com\/de\/wp-json\/wp\/v2\/pages"}],"about":[{"href":"https:\/\/costumecoutureberlin.com\/de\/wp-json\/wp\/v2\/types\/page"}],"author":[{"embeddable":true,"href":"https:\/\/costumecoutureberlin.com\/de\/wp-json\/wp\/v2\/users\/1"}],"replies":[{"embeddable":true,"href":"https:\/\/costumecoutureberlin.com\/de\/wp-json\/wp\/v2\/comments?post=1490"}],"version-history":[{"count":8,"href":"https:\/\/costumecoutureberlin.com\/de\/wp-json\/wp\/v2\/pages\/1490\/revisions"}],"predecessor-version":[{"id":1920,"href":"https:\/\/costumecoutureberlin.com\/de\/wp-json\/wp\/v2\/pages\/1490\/revisions\/1920"}],"wp:attachment":[{"href":"https:\/\/costumecoutureberlin.com\/de\/wp-json\/wp\/v2\/media?parent=1490"}],"curies":[{"name":"wp","href":"https:\/\/api.w.org\/{rel}","templated":true}]}}